{"id":4312,"date":"2023-02-10T16:45:58","date_gmt":"2023-02-10T15:45:58","guid":{"rendered":"https:\/\/www.tyrol-panoramic.com\/tarifs-et-reservation-en-ligne-panoramic\/"},"modified":"2026-05-05T15:39:20","modified_gmt":"2026-05-05T13:39:20","slug":"tarifs-et-reservation-en-ligne-panoramic","status":"publish","type":"page","link":"https:\/\/www.tyrol-panoramic.com\/en\/tarifs-et-reservation-en-ligne-panoramic\/","title":{"rendered":"Tarifs et r\u00e9servation Panoramic"},"content":{"rendered":"<section id=\"section-60d07f0b6c57d\"\" class=\"section frame-tarifs bg-white p-t-0 p-b-0\" \/><div class=\"container extralarge\"><h2 class=\"element section-title center color1\">Prices Chalet le Panoramic<\/h2><div class=\"element bloc-text\">\n\t<iframe class=\"iframe_tarifs\" name=\"iframe_tarifs\" frameBorder=\"0\" height=\"auto\" width=\"100%\" src=\"https:\/\/reservation.tyrol-panoramic.fr\/tarifs.php?1=1&#038;idresidence=2&#038;idappartement=0&#038;lang=fr\"><\/iframe><\/div><\/div><\/section>\n\n<section id=\"section-605c6bbac4ee4\"\" class=\"section bg-white\" \/><div class=\"container extralarge\"><h1 class=\"element section-title justify\">flat rental in La Rosi\u00e8re<\/h1><div class=\"element bloc-text justify \">\n\t<p>&nbsp;<\/p>\n<p>Our prices and availability are always up to date on our website, so you can book your holiday at a low price with complete peace of mind.<br \/>\nYou can choose an all-inclusive package with 6 day Espace San Bernardo ski passes except for the New Year period and the 4 week February holiday.<br \/>\nIf the period you wish to book is already booked, please leave us your details in case there is a cancellation.<\/p>\n<p>&nbsp;<\/p>\n<ul>\n<li>The best guaranteed rate.<\/li>\n<li>Direct handling of your booking, so easier to change!<\/li>\n<li>No booking fees.<\/li>\n<li>A secure payment.<\/li>\n<li>Refunds on D-30 for all reasons<\/li>\n<\/ul>\n<p>&nbsp;<\/p>\n<\/div><\/div><\/section>\n\n<section id=\"section-605c6bbac61f7\"\" class=\"section img-petite bg-color1 p-t-0 p-b-0\" \/><div class=\"container full\"><div class=\"colonnes-wrap valign-middle \"><div class=\"element colonne p-0\"><div class=\"element images\"><div class=\"image\"><img decoding=\"async\" src=\"https:\/\/www.tyrol-panoramic.com\/wp-content\/uploads\/2021\/03\/chalet-panoramic-1-100x74.jpg\" data-src=\"https:\/\/www.tyrol-panoramic.com\/wp-content\/uploads\/2021\/03\/chalet-panoramic-1.jpg\" alt=\"chalet panoramic la Rosi\u00e8re\" class=\"images_image\" \/><\/div><\/div><\/div><div class=\"element colonne p-6\"><h2 class=\"element section-title justify white\">Panoramic chalet rate<\/h2><div class=\"element bloc-text justify \">\n\t<p>Our best rates and availability are always up to date on our website, so you can book with peace of mind at Tyrol-Panoramic in Savoie.<\/p>\n<p>To get the most benefits at the best price, choose the All-inclusive package with the 6-day Espace San Bernardo ski passes except during the New Year and the 4 weeks of February holidays.<\/p>\n<p>Arrival is from 2pm. If you wish to arrive late, no problem. Departure is at 9.30am &#8211; 10am maximum.<\/p>\n<p>During your stay in your Panoramic residence, you will have free access to the indoor swimming pool with spa and to our animations for children and adults. For children under 5 years old, the stay is free. Do not hesitate to contact us for the loan of baby cots, bed rails and high chairs on request.<br \/>\nLinen is offered to travellers by train or plane.<br \/>\nIn addition, the tourist tax from 18 years old:<\/p>\n<p>1.87 \u20ac\/person\/night.<\/p>\n<p>Optional:<\/p>\n<p>Without reservation: Sheets 20 \u20ac the big ones, 17 \u20ac the small ones, towels 11 \u20ac the bath sheet, 5 \u20ac the towel.<br \/>\nWith reservation: Garage 70 \u20ac per week, baby bed offered.<br \/>\nDogs allowed 65 \u20ac per week.<br \/>\nCleaning at the end of your stay from 53 \u20ac to 160 \u20ac depending on the flat.<\/p>\n<\/div><\/div><\/div><\/div><\/section>\n\n<section id=\"section-605c6bbac68bf\"\" class=\"section img-petite bg-white p-t-0 p-b-0\" \/><div class=\"container full\"><div class=\"colonnes-wrap valign-middle \"><div class=\"element colonne p-6\"><div class=\"element bloc-text justify \">\n\t<p>Very interesting all-inclusive (accommodation + 6-day ski pass) for certain periods, you can make a simulation on our website or ask us for a quote by phone on 0479068055.<\/p>\n<p>In summer, opening\u00a0 july and august.<\/p>\n<p>For winter : online availability, please contact us by email info@tyrol-panoramic.com specifying the date and number of people if you wish to be put on our waiting list.<\/p>\n<\/div><h2 class=\"element section-title justify m-t-4\">Our bargains and promotions in Savoie<\/h2><div class=\"element bloc-text justify \">\n\t<p>In December, January, March and April, let yourself be tempted by the accommodation + 6-day France-Italy ski pass package, you&#8217;ll make great savings!<\/p>\n<\/div><\/div><div class=\"element colonne p-0\"><div class=\"element images\"><div class=\"image\"><img decoding=\"async\" src=\"https:\/\/www.tyrol-panoramic.com\/wp-content\/uploads\/2021\/03\/spa-vue-montagne-100x74.jpg\" data-src=\"https:\/\/www.tyrol-panoramic.com\/wp-content\/uploads\/2021\/03\/spa-vue-montagne.jpg\" alt=\"spa du Panoramic vue montagne\" class=\"images_image\" \/><\/div><\/div><\/div><\/div><\/div><\/section>\n\n<section id=\"section-605c697c51448\"\" class=\"section bg-white p-t-0 p-b-0\" \/><div class=\"container full\"><div class=\"colonnes-wrap valign-middle p-0\"><div class=\"element colonne w-20 p-0\"><div class=\"element images\"><div class=\"image\"><img decoding=\"async\" src=\"https:\/\/www.tyrol-panoramic.com\/wp-content\/uploads\/2021\/03\/sejour-chalet-rosiere-1-98x100.jpg\" data-src=\"https:\/\/www.tyrol-panoramic.com\/wp-content\/uploads\/2021\/03\/sejour-chalet-rosiere-1.jpg\" alt=\"sejour chalet rosiere\" class=\"images_image\" \/><\/div><\/div><div class=\"element images\"><div class=\"image\"><img decoding=\"async\" src=\"https:\/\/www.tyrol-panoramic.com\/wp-content\/uploads\/2021\/03\/cuisine-table-chalet-98x100.jpg\" data-src=\"https:\/\/www.tyrol-panoramic.com\/wp-content\/uploads\/2021\/03\/cuisine-table-chalet.jpg\" alt=\"cuisine table chalet aux Eucherts\" class=\"images_image\" \/><\/div><\/div><\/div><div class=\"element colonne w-60\"><div class=\"element bloc-text justify \">\n\t<p>In Tyrol &#8211; Panoramic , All inclusive with accommodation + 6 day ski pass<\/p>\n<\/div><\/div><div class=\"element colonne w-20 p-0\"><div class=\"element images\"><div class=\"image\"><img decoding=\"async\" src=\"https:\/\/www.tyrol-panoramic.com\/wp-content\/uploads\/2021\/03\/chalet-location-98x100.jpg\" data-src=\"https:\/\/www.tyrol-panoramic.com\/wp-content\/uploads\/2021\/03\/chalet-location.jpg\" alt=\"chalet40 personnes location\" class=\"images_image\" \/><\/div><\/div><div class=\"element images\"><div class=\"image\"><img decoding=\"async\" src=\"https:\/\/www.tyrol-panoramic.com\/wp-content\/uploads\/2021\/03\/sejour-chalet-98x100.jpg\" data-src=\"https:\/\/www.tyrol-panoramic.com\/wp-content\/uploads\/2021\/03\/sejour-chalet.jpg\" alt=\"studio panoramic\" class=\"images_image\" \/><\/div><\/div><\/div><\/div><\/div><\/section>\n\n<section id=\"section-605c6bbac5c72\"\" class=\"section bg-white p-t-0 p-b-0\" \/><div class=\"container full\"><div class=\"element images\"><div class=\"image\"><img decoding=\"async\" src=\"https:\/\/www.tyrol-panoramic.com\/wp-content\/uploads\/2021\/03\/canape-salon-98x100.jpg\" data-src=\"https:\/\/www.tyrol-panoramic.com\/wp-content\/uploads\/2021\/03\/canape-salon.jpg\" alt=\"canape salon\" class=\"images_image\" \/><\/div><div class=\"image\"><img decoding=\"async\" src=\"https:\/\/www.tyrol-panoramic.com\/wp-content\/uploads\/2021\/03\/salon-table-1-98x100.jpg\" data-src=\"https:\/\/www.tyrol-panoramic.com\/wp-content\/uploads\/2021\/03\/salon-table-1.jpg\" alt=\"salon table\" class=\"images_image\" \/><\/div><div class=\"image\"><img decoding=\"async\" src=\"https:\/\/www.tyrol-panoramic.com\/wp-content\/uploads\/2021\/03\/chambre-lits-98x100.jpg\" data-src=\"https:\/\/www.tyrol-panoramic.com\/wp-content\/uploads\/2021\/03\/chambre-lits.jpg\" alt=\"chambre lits\" class=\"images_image\" \/><\/div><div class=\"image\"><img decoding=\"async\" src=\"https:\/\/www.tyrol-panoramic.com\/wp-content\/uploads\/2021\/03\/cuisine-chalet-2-98x100.jpg\" data-src=\"https:\/\/www.tyrol-panoramic.com\/wp-content\/uploads\/2021\/03\/cuisine-chalet-2.jpg\" alt=\"cuisine chalet\" class=\"images_image\" \/><\/div><\/div><\/div><\/section>\n\n<section id=\"section-groupe2\"\" class=\"section img-petite bg-color1 p-t-0 p-b-0\" \/><div class=\"container full\"><div class=\"colonnes-wrap valign-middle \"><div class=\"element colonne p-0\"><div class=\"element images\"><div class=\"image\"><img decoding=\"async\" src=\"https:\/\/www.tyrol-panoramic.com\/wp-content\/uploads\/2021\/03\/vue-chalet-panoramic-2-100x78.jpg\" data-src=\"https:\/\/www.tyrol-panoramic.com\/wp-content\/uploads\/2021\/03\/vue-chalet-panoramic-2-e1636538222448.jpg\" alt=\"vue chalet panoramic\" class=\"images_image\" \/><\/div><\/div><\/div><div class=\"element colonne p-x-6\"><div class=\"element bloc-text justify \">\n\t<p>Our proposed ski passes:<\/p>\n<ul>\n<li>Free ski passes for children under 5 years old.<\/li>\n<li>Reduced packages for children from 5 to 12 years old.<\/li>\n<li>Reduced paqckages for adults from 13 to 64 years old<\/li>\n<li>Reduced packages for seniors from 65 years old.<\/li>\n<li>skipass +75 year old 55 \u20ac<\/li>\n<\/ul>\n<p>You can also take advantage of discounts on Saturdays throughout the winter at www.jeskieausoleil.com.<\/p>\n<p>You can change and use our common areas on Saturdays to go skiing.<\/p>\n<\/div><h2 class=\"element section-title justify m-t-4 white\">One of the best prices in La Rosi\u00e8re<\/h2><div class=\"element bloc-text justify \">\n\t<p>The Tyrol and the Panoramic prefer direct contact with their guests. To thank you for your trust and loyalty, the best prices are guaranteed on our website. You can also order your ski passes through us and you will be a winner! No last minute prices because the prices are always the same, a question of fairness towards our regular customers who book from one year to the next.<\/p>\n<p>By booking from a third party website, you lose the advantage of the best price, but you also lose the assurance of a closer service by going through an intermediary when booking your stay at La Rosi\u00e8re.<\/p>\n<p>The best price guarantee applied on our website allows you to benefit from a quality service at the best price. Good reasons to book on our website:<\/p>\n<ul>\n<li>The best guaranteed rate.<\/li>\n<li>Direct handling of your booking, so easier to change!<\/li>\n<li>No booking fees.<\/li>\n<li>A secure payment.<\/li>\n<li>Refunds on D-30 for all reasons<\/li>\n<\/ul>\n<\/div><\/div><\/div><\/div><\/section>\n\n<section id=\"section-partenaires\"\" class=\"section bg-white p-t-0 p-b-0\" \/><div class=\"container full\"><div class=\"colonnes-wrap valign-middle \"><div class=\"element colonne \"><h2 class=\"element section-title justify m-t-4\">Tyrol-Panoramic partner offers<\/h2><div class=\"element bloc-text justify \">\n\t<p>In the resort of La Rosi\u00e8re, here are our partners for a successful holiday:<\/p>\n<p><a href=\"http:\/\/www.leplanica.com\" target=\"_blank\" rel=\"noopener\">Le Planica &#8211; Chalet with indoor pool and spa<\/a><\/p>\n<p>8 flats for 2 to 20 people for rent at the foot of the slopes in La Rosi\u00e8re, with an indoor heated swimming pool and spa at Fiona GAIDE&#8217;s (our sister-in-law).<\/p>\n<p><a href=\"https:\/\/colettesport.com\/fr\/\" target=\"_blank\" rel=\"noopener\">Colette Sport &#8211; Centre Rosi\u00e8re<\/a><\/p>\n<p>Colette and Mathieu Maitre, ski instructors at La Rosi\u00e8re, will be able to rent you high quality equipment to improve your skiing. Jean-Marc can even make your own skis for you&#8230;! Book your skis, snowboards &#8230; online next to Tyrol, get discounts with the code tyrol at Colette Sport.<\/p>\n<p><a href=\"https:\/\/www.olympicsports.fr\/\" target=\"_blank\" rel=\"noopener\">Olympic Sport &#8211; Les Eucherts<\/a><\/p>\n<p>Marc Pirard and his team will welcome you in front of our Panoramic residence&#8230; very convenient on the place des Eucherts. Book online your skis, snowboards &#8230; get discounts at Olympic Sports with the promo code OLYMPICPANORAMIC.<\/p>\n<\/div><\/div><div class=\"element colonne p-0\"><div class=\"element images\"><div class=\"image\"><img decoding=\"async\" src=\"https:\/\/www.tyrol-panoramic.com\/wp-content\/uploads\/2021\/03\/raquettes-ski-rosiere-100x74.jpg\" data-src=\"https:\/\/www.tyrol-panoramic.com\/wp-content\/uploads\/2021\/03\/raquettes-ski-rosiere.jpg\" alt=\"raquettes ski rosiere\" class=\"images_image\" \/><\/div><\/div><\/div><\/div><\/div><\/section>\n\n<section id=\"section-groupe5\"\" class=\"section bg-white p-t-0 p-b-0\" \/><div class=\"container full\"><div class=\"colonnes-wrap valign-middle p-0\"><div class=\"element colonne w-20 p-0\"><div class=\"element images\"><div class=\"image\"><img decoding=\"async\" src=\"https:\/\/www.tyrol-panoramic.com\/wp-content\/uploads\/2021\/03\/ski-pistes-98x100.jpg\" data-src=\"https:\/\/www.tyrol-panoramic.com\/wp-content\/uploads\/2021\/03\/ski-pistes.jpg\" alt=\"ski pistes\" class=\"images_image\" \/><\/div><\/div><div class=\"element images\"><div class=\"image\"><img decoding=\"async\" src=\"https:\/\/www.tyrol-panoramic.com\/wp-content\/uploads\/2021\/03\/station-ski-2-100x98.jpg\" data-src=\"https:\/\/www.tyrol-panoramic.com\/wp-content\/uploads\/2021\/03\/station-ski-2.jpg\" alt=\"les Arcs \" class=\"images_image\" \/><\/div><\/div><\/div><div class=\"element colonne w-60\"><div class=\"element bloc-text justify \">\n\t<p>ESF La Rosi\u00e8re<\/p>\n<p>Marina and JC are ski instructors at the <a href=\"https:\/\/www.esflarosiere.com\/\" target=\"_blank\" rel=\"noopener\">ESF in La Rosi\u00e8re<\/a>. Take advantage of a 20% discount on group lessons outside the school holidays (booking form to be requested by email). Book your ski and snowboard lessons online with the ESF La Rosi\u00e8re!<br \/>\n2 departures for ski lessons :<\/p>\n<p>At Les Eucherts, in front of the Panoramic with kindergarten and nursery.<br \/>\nAt the Centre, 200 m from the Tyrol with kindergarten and nursery too !<br \/>\nLa Rosi\u00e8re<\/p>\n<p><a href=\"https:\/\/www.larosiere.net\/\" target=\"_blank\" rel=\"noopener\">Official website of the resort of La Rosi\u00e8re<\/a> in Savoie in the Northern Alps to discover all the activities and events in winter and summer. Connected to the resort of La Thuile in Italy, ideal for trips to good Italian restaurants!<\/p>\n<p><a href=\"https:\/\/www.larosiere.ski\/\" target=\"_blank\" rel=\"noopener\">La Rosi\u00e8re &#8211; Ski passes<\/a><\/p>\n<p>Order your ski passes online and collect them from the Tyrol or Panoramic reception. Ski on a Franco-Italian domain with 150 km of slopes.<\/p>\n<p><a href=\"https:\/\/www.golfdelarosiere.com\/\" target=\"_blank\" rel=\"noopener\">Golf de la Rosi\u00e8re<\/a><\/p>\n<p>Mountain golf course located in La Rosi\u00e8re, open only in summer, a beautiful 9-hole course with a magnificent view of the valley and a very friendly atmosphere.<\/p>\n<p>Family Plus<\/p>\n<p>Our Tyrol and Panoramic residences have the Family Plus label: baby kit, bath, cot, high chair, free weekly stay for children under 5, special games and activities.<\/p>\n<\/div><\/div><div class=\"element colonne w-20 p-0\"><div class=\"element images\"><div class=\"image\"><img decoding=\"async\" src=\"https:\/\/www.tyrol-panoramic.com\/wp-content\/uploads\/2021\/03\/montagne-rosiere-98x100.jpg\" data-src=\"https:\/\/www.tyrol-panoramic.com\/wp-content\/uploads\/2021\/03\/montagne-rosiere.jpg\" alt=\"montagne rosiere\" class=\"images_image\" \/><\/div><\/div><div class=\"element images\"><div class=\"image\"><img decoding=\"async\" src=\"https:\/\/www.tyrol-panoramic.com\/wp-content\/uploads\/2021\/03\/neige-enfants-98x100.jpg\" data-src=\"https:\/\/www.tyrol-panoramic.com\/wp-content\/uploads\/2021\/03\/neige-enfants.jpg\" alt=\"neige enfants rosi\u00e8re\" class=\"images_image\" \/><\/div><\/div><\/div><\/div><\/div><\/section>\n\n<section id=\"section-605c6bbac762a\"\" class=\"section bg-white\" \/><div class=\"container full\"><div class=\"element section-title center titre-cta\">Discover the rentals and the pool<\/div><ul class=\"liste-de-page\"><li class=\"element call-to-action carre call-to-action--style-1 call-to-action--normal\"><a href=\"https:\/\/www.tyrol-panoramic.com\/en\/residence-panoramic-piscine-rosiere\/\"  class=\"call-to-action_link\" title=\"En savoir plus sur the swimming pool\"><div class=\"call-to-action_image\"><img decoding=\"async\" src=\"https:\/\/www.tyrol-panoramic.com\/wp-content\/uploads\/2021\/03\/piscine-tyrol-100x56.jpg\" data-src=\"https:\/\/www.tyrol-panoramic.com\/wp-content\/uploads\/2021\/03\/piscine-tyrol.jpg\" alt=\"location appartement piscine la rosiere\" class=\"normal\" \/><\/div><div class=\"call-to-action_contenu\"><div class=\"call-to-action_titre\">The swimming pool<\/div><\/div><\/a><\/li><li class=\"element call-to-action carre call-to-action--style-1 call-to-action--normal call-to-action--style-1 call-to-action--normal\"><a href=\"https:\/\/www.tyrol-panoramic.com\/en\/apartment-rental-tyrol\/\"  class=\"call-to-action_link\" title=\"En savoir plus sur apartments in tyrol\"><div class=\"call-to-action_image\"><img decoding=\"async\" src=\"https:\/\/www.tyrol-panoramic.com\/wp-content\/uploads\/2021\/04\/tyrol-savoie-100x56.jpg\" data-src=\"https:\/\/www.tyrol-panoramic.com\/wp-content\/uploads\/2021\/04\/tyrol-savoie.jpg\" alt=\"tyrol savoie\" class=\"normal\" \/><\/div><div class=\"call-to-action_contenu\"><div class=\"call-to-action_titre\">Apartments in Tyrol<\/div><\/div><\/a><\/li><li class=\"element call-to-action carre call-to-action--style-1 call-to-action--normal call-to-action--style-1 call-to-action--normal call-to-action--style-1 call-to-action--normal\"><a href=\"https:\/\/www.tyrol-panoramic.com\/en\/rental-apartments-panoramic\/\"  class=\"call-to-action_link\" title=\"En savoir plus sur panoramic apartments\"><div class=\"call-to-action_image\"><img decoding=\"async\" src=\"https:\/\/www.tyrol-panoramic.com\/wp-content\/uploads\/2021\/04\/panoramic-savoie-100x56.jpg\" data-src=\"https:\/\/www.tyrol-panoramic.com\/wp-content\/uploads\/2021\/04\/panoramic-savoie.jpg\" alt=\"panoramic-savoie\" class=\"normal\" \/><\/div><div class=\"call-to-action_contenu\"><div class=\"call-to-action_titre\">Panoramic Apartments<\/div><\/div><\/a><\/li><\/ul><\/div><\/section>","protected":false},"excerpt":{"rendered":"","protected":false},"author":1,"featured_media":3901,"parent":0,"menu_order":0,"comment_status":"closed","ping_status":"closed","template":"","meta":{"_acf_changed":false,"footnotes":""},"class_list":["post-4312","page","type-page","status-publish","has-post-thumbnail","hentry"],"acf":[],"yoast_head":"<!-- This site is optimized with the Yoast SEO plugin v25.5 - https:\/\/yoast.com\/wordpress\/plugins\/seo\/ -->\n<title>Tarifs Panoramic La Rosi\u00e8re en Savoie I R\u00e9sidences familiales<\/title>\n<meta name=\"description\" content=\"Nos tarifs \u00e9t\u00e9 et hiver et r\u00e9servation en ligne sur notre site internet. Possibilit\u00e9 de courts s\u00e9jours et de week-ends selon nos disponibilit\u00e9s.\" \/>\n<meta name=\"robots\" content=\"index, follow, max-snippet:-1, max-image-preview:large, max-video-preview:-1\" \/>\n<link rel=\"canonical\" href=\"https:\/\/www.tyrol-panoramic.com\/en\/tarifs-et-reservation-en-ligne-panoramic\/\" \/>\n<meta property=\"og:locale\" content=\"en_US\" \/>\n<meta property=\"og:type\" content=\"article\" \/>\n<meta property=\"og:title\" content=\"Tarifs Panoramic La Rosi\u00e8re en Savoie I R\u00e9sidences familiales\" \/>\n<meta property=\"og:description\" content=\"Nos tarifs \u00e9t\u00e9 et hiver et r\u00e9servation en ligne sur notre site internet. Possibilit\u00e9 de courts s\u00e9jours et de week-ends selon nos disponibilit\u00e9s.\" \/>\n<meta property=\"og:url\" content=\"https:\/\/www.tyrol-panoramic.com\/en\/tarifs-et-reservation-en-ligne-panoramic\/\" \/>\n<meta property=\"og:site_name\" content=\"Tyrol Panoramic\" \/>\n<meta property=\"article:modified_time\" content=\"2026-05-05T13:39:20+00:00\" \/>\n<meta property=\"og:image\" content=\"https:\/\/www.tyrol-panoramic.com\/wp-content\/uploads\/2021\/08\/Vue-Rosiere-hiver3.jpg\" \/>\n\t<meta property=\"og:image:width\" content=\"1903\" \/>\n\t<meta property=\"og:image:height\" content=\"450\" \/>\n\t<meta property=\"og:image:type\" content=\"image\/jpeg\" \/>\n<meta name=\"twitter:card\" content=\"summary_large_image\" \/>\n<meta name=\"twitter:label1\" content=\"Est. reading time\" \/>\n\t<meta name=\"twitter:data1\" content=\"1 minute\" \/>\n<!-- \/ Yoast SEO plugin. -->","yoast_head_json":{"title":"Tarifs Panoramic La Rosi\u00e8re en Savoie I R\u00e9sidences familiales","description":"Nos tarifs \u00e9t\u00e9 et hiver et r\u00e9servation en ligne sur notre site internet. Possibilit\u00e9 de courts s\u00e9jours et de week-ends selon nos disponibilit\u00e9s.","robots":{"index":"index","follow":"follow","max-snippet":"max-snippet:-1","max-image-preview":"max-image-preview:large","max-video-preview":"max-video-preview:-1"},"canonical":"https:\/\/www.tyrol-panoramic.com\/en\/tarifs-et-reservation-en-ligne-panoramic\/","og_locale":"en_US","og_type":"article","og_title":"Tarifs Panoramic La Rosi\u00e8re en Savoie I R\u00e9sidences familiales","og_description":"Nos tarifs \u00e9t\u00e9 et hiver et r\u00e9servation en ligne sur notre site internet. Possibilit\u00e9 de courts s\u00e9jours et de week-ends selon nos disponibilit\u00e9s.","og_url":"https:\/\/www.tyrol-panoramic.com\/en\/tarifs-et-reservation-en-ligne-panoramic\/","og_site_name":"Tyrol Panoramic","article_modified_time":"2026-05-05T13:39:20+00:00","og_image":[{"width":1903,"height":450,"url":"https:\/\/www.tyrol-panoramic.com\/wp-content\/uploads\/2021\/08\/Vue-Rosiere-hiver3.jpg","type":"image\/jpeg"}],"twitter_card":"summary_large_image","twitter_misc":{"Est. reading time":"1 minute"},"schema":{"@context":"https:\/\/schema.org","@graph":[{"@type":"WebPage","@id":"https:\/\/www.tyrol-panoramic.com\/en\/tarifs-et-reservation-en-ligne-panoramic\/","url":"https:\/\/www.tyrol-panoramic.com\/en\/tarifs-et-reservation-en-ligne-panoramic\/","name":"Tarifs Panoramic La Rosi\u00e8re en Savoie I R\u00e9sidences familiales","isPartOf":{"@id":"https:\/\/www.tyrol-panoramic.com\/en\/#website"},"primaryImageOfPage":{"@id":"https:\/\/www.tyrol-panoramic.com\/en\/tarifs-et-reservation-en-ligne-panoramic\/#primaryimage"},"image":{"@id":"https:\/\/www.tyrol-panoramic.com\/en\/tarifs-et-reservation-en-ligne-panoramic\/#primaryimage"},"thumbnailUrl":"https:\/\/www.tyrol-panoramic.com\/wp-content\/uploads\/2021\/08\/Vue-Rosiere-hiver3.jpg","datePublished":"2023-02-10T15:45:58+00:00","dateModified":"2026-05-05T13:39:20+00:00","description":"Nos tarifs \u00e9t\u00e9 et hiver et r\u00e9servation en ligne sur notre site internet. Possibilit\u00e9 de courts s\u00e9jours et de week-ends selon nos disponibilit\u00e9s.","breadcrumb":{"@id":"https:\/\/www.tyrol-panoramic.com\/en\/tarifs-et-reservation-en-ligne-panoramic\/#breadcrumb"},"inLanguage":"en-US","potentialAction":[{"@type":"ReadAction","target":["https:\/\/www.tyrol-panoramic.com\/en\/tarifs-et-reservation-en-ligne-panoramic\/"]}]},{"@type":"ImageObject","inLanguage":"en-US","@id":"https:\/\/www.tyrol-panoramic.com\/en\/tarifs-et-reservation-en-ligne-panoramic\/#primaryimage","url":"https:\/\/www.tyrol-panoramic.com\/wp-content\/uploads\/2021\/08\/Vue-Rosiere-hiver3.jpg","contentUrl":"https:\/\/www.tyrol-panoramic.com\/wp-content\/uploads\/2021\/08\/Vue-Rosiere-hiver3.jpg","width":1903,"height":450,"caption":"2016"},{"@type":"BreadcrumbList","@id":"https:\/\/www.tyrol-panoramic.com\/en\/tarifs-et-reservation-en-ligne-panoramic\/#breadcrumb","itemListElement":[{"@type":"ListItem","position":1,"name":"Vacation residence in Savoie","item":"https:\/\/www.tyrol-panoramic.com\/en\/"},{"@type":"ListItem","position":2,"name":"R\u00e9sidence pas cher Savoie"}]},{"@type":"WebSite","@id":"https:\/\/www.tyrol-panoramic.com\/en\/#website","url":"https:\/\/www.tyrol-panoramic.com\/en\/","name":"Tyrol Panoramic","description":"","potentialAction":[{"@type":"SearchAction","target":{"@type":"EntryPoint","urlTemplate":"https:\/\/www.tyrol-panoramic.com\/en\/?s={search_term_string}"},"query-input":{"@type":"PropertyValueSpecification","valueRequired":true,"valueName":"search_term_string"}}],"inLanguage":"en-US"}]}},"_links":{"self":[{"href":"https:\/\/www.tyrol-panoramic.com\/en\/wp-json\/wp\/v2\/pages\/4312","targetHints":{"allow":["GET"]}}],"collection":[{"href":"https:\/\/www.tyrol-panoramic.com\/en\/wp-json\/wp\/v2\/pages"}],"about":[{"href":"https:\/\/www.tyrol-panoramic.com\/en\/wp-json\/wp\/v2\/types\/page"}],"author":[{"embeddable":true,"href":"https:\/\/www.tyrol-panoramic.com\/en\/wp-json\/wp\/v2\/users\/1"}],"replies":[{"embeddable":true,"href":"https:\/\/www.tyrol-panoramic.com\/en\/wp-json\/wp\/v2\/comments?post=4312"}],"version-history":[{"count":9,"href":"https:\/\/www.tyrol-panoramic.com\/en\/wp-json\/wp\/v2\/pages\/4312\/revisions"}],"predecessor-version":[{"id":5478,"href":"https:\/\/www.tyrol-panoramic.com\/en\/wp-json\/wp\/v2\/pages\/4312\/revisions\/5478"}],"wp:featuredmedia":[{"embeddable":true,"href":"https:\/\/www.tyrol-panoramic.com\/en\/wp-json\/wp\/v2\/media\/3901"}],"wp:attachment":[{"href":"https:\/\/www.tyrol-panoramic.com\/en\/wp-json\/wp\/v2\/media?parent=4312"}],"curies":[{"name":"wp","href":"https:\/\/api.w.org\/{rel}","templated":true}]}}