{"id":4292,"date":"2023-02-10T16:17:59","date_gmt":"2023-02-10T15:17:59","guid":{"rendered":"https:\/\/www.tyrol-panoramic.com\/residence-familiale-rosiere-panoramic\/"},"modified":"2024-11-22T15:55:15","modified_gmt":"2024-11-22T14:55:15","slug":"residence-familiale-rosiere-panoramic","status":"publish","type":"page","link":"https:\/\/www.tyrol-panoramic.com\/en\/residence-familiale-rosiere-panoramic\/","title":{"rendered":"Chalet &#038; services Panoramic"},"content":{"rendered":"<section id=\"section-605c6bbac4ee4\"\" class=\"section bg-white p-b-0\" \/><div class=\"container extralarge\"><h1 class=\"element section-title center\">Chalet rental with many services<\/h1><div class=\"element bloc-text center \">\n\t<p>It is a family structure with top-of-the-range services with a covered and heated balneo pool area. Free activities will be offered throughout your stay at La Rosi\u00e8re for children and adults.<\/p>\n<p>Click on <a href=\"https:\/\/notre.guide\/panoramic73\" target=\"_blank\" rel=\"noopener\">OUR GUIDE<\/a> to know everything in all language !<\/p>\n<\/div><\/div><\/section>\n\n<section id=\"section-services\"\" class=\"section bg-white p-t-0\" \/><div class=\"container full\"><div class=\"element bloc-text justify \">\n\t<div class=\"container\">\n<div class=\"cols multiple\">\n<div class=\"col\">\n<div class=\"title\">Included<\/div>\n<div class=\"services\">\n<div class=\"service\">\n<div class=\"icon\"><img decoding=\"async\" src=\"\/wp-content\/themes\/merlin\/img\/icon-piscine.png\" \/><\/div>\n<div class=\"value\">Indoor pool heated to 30\u00b0C<\/div>\n<div class=\"price\">free<\/div>\n<\/div>\n<div class=\"service\">\n<div class=\"icon\"><img decoding=\"async\" src=\"\/wp-content\/themes\/merlin\/img\/hammam-1.png\" \/><\/div>\n<div class=\"value\">Sauna, steam room, spa at 35\u00b0C<\/div>\n<div class=\"price\">free<\/div>\n<\/div>\n<div class=\"service\">\n<div class=\"icon\"><img decoding=\"async\" src=\"\/wp-content\/themes\/merlin\/img\/wifi.png\" \/><\/div>\n<div class=\"value\">WIFI<\/div>\n<div class=\"price\">free<\/div>\n<\/div>\n<div class=\"service\">\n<div class=\"icon\"><img decoding=\"async\" src=\"\/wp-content\/themes\/merlin\/img\/ascenceur.png\" \/><\/div>\n<div class=\"value\">Elevator<\/div>\n<div class=\"price\">included<\/div>\n<\/div>\n<div class=\"service\">\n<div class=\"icon\"><img decoding=\"async\" src=\"\/wp-content\/themes\/merlin\/img\/fitness.png\" \/><\/div>\n<div class=\"value\">Cardio room , fitness<\/div>\n<div class=\"price\">free of charge<\/div>\n<\/div>\n<div class=\"service\">\n<div class=\"icon\"><img decoding=\"async\" src=\"\/wp-content\/themes\/merlin\/img\/bagagerie.png\" \/><\/div>\n<div class=\"value\">Luggage room on Saturday with showers, WC<\/div>\n<div class=\"price\">at your disposal<\/div>\n<\/div>\n<div class=\"service\">\n<div class=\"icon\"><img decoding=\"async\" src=\"\/wp-content\/themes\/merlin\/img\/reception.png\" \/><\/div>\n<div class=\"value\">Owner on site and reception<\/div>\n<div class=\"price\">at your disposal<\/div>\n<\/div>\n<div class=\"service\">\n<div class=\"icon\"><img decoding=\"async\" src=\"\/wp-content\/themes\/merlin\/img\/parking-extcrieur.png\" \/><\/div>\n<div class=\"value\">Outdoor parking<\/div>\n<div class=\"price\">free<\/div>\n<\/div>\n<div class=\"service\">\n<div class=\"icon\"><img decoding=\"async\" src=\"\/wp-content\/themes\/merlin\/img\/cb.png\" \/><\/div>\n<div class=\"value\">CB, ANCV vacation vouchers, checks, cash<\/div>\n<div class=\"price\">accepted<\/div>\n<\/div>\n<div class=\"service\">\n<div class=\"icon\"><img decoding=\"async\" src=\"\/wp-content\/themes\/merlin\/img\/casiers-ski.png\" \/><\/div>\n<div class=\"value\">Heated ski lockers and boot dryer<\/div>\n<div class=\"price\">at your disposal<\/div>\n<\/div>\n<div class=\"service\">\n<div class=\"icon\"><img decoding=\"async\" src=\"\/wp-content\/themes\/merlin\/img\/seminaire.png\" \/><\/div>\n<div class=\"value\">Common room with kitchen<\/div>\n<div class=\"price\">(upon reservation)<\/div>\n<\/div>\n<div class=\"service\">\n<div class=\"icon\"><img decoding=\"async\" src=\"\/wp-content\/themes\/merlin\/img\/bibliothaque.png\" \/><\/div>\n<div class=\"value\">Library and board games<\/div>\n<div class=\"price\">available<\/div>\n<\/div>\n<div class=\"service\">\n<div class=\"icon\"><img decoding=\"async\" src=\"\/wp-content\/themes\/merlin\/img\/pmr.png\" \/><\/div>\n<div class=\"value\">PMR access<\/div>\n<div class=\"price\">for 2 apartments<\/div>\n<\/div>\n<\/div>\n<\/div>\n<div class=\"col\">\n<div class=\"title\">Rental<\/div>\n<div class=\"services\">\n<div class=\"service\">\n<div class=\"icon\"><img decoding=\"async\" src=\"\/wp-content\/themes\/merlin\/img\/location-linge.png\" \/><\/div>\n<div class=\"value\">Sheet rental<\/div>\n<div class=\"price\">18 \u20ac large 2 pers &#8211; 15 small 1 pers<\/div>\n<\/div>\n<div class=\"service\">\n<div class=\"icon\"><img decoding=\"async\" src=\"\/wp-content\/themes\/merlin\/img\/location-linge-1.png\" \/><\/div>\n<div class=\"value\">Towel rental<\/div>\n<div class=\"price\">9 \u20ac the bath sheet &#8211; 5 \u20ac the towel<\/div>\n<\/div>\n<div class=\"service\">\n<div class=\"icon\"><img decoding=\"async\" src=\"\/wp-content\/themes\/merlin\/img\/parking-couvert.png\" \/><\/div>\n<div class=\"value\">Covered parking (weekly storage)<\/div>\n<div class=\"price\">60 \u20ac<\/div>\n<\/div>\n<div class=\"service\">\n<div class=\"icon\"><img decoding=\"async\" src=\"\/wp-content\/themes\/merlin\/img\/chien.png\" \/><\/div>\n<div class=\"value\">Dog accepted<\/div>\n<div class=\"price\">54 \u20ac the stay<\/div>\n<\/div>\n<div class=\"service\">\n<div class=\"icon\"><img decoding=\"async\" src=\"\/wp-content\/themes\/merlin\/img\/laverie.png\" \/><\/div>\n<div class=\"value\">Laundry dryer<\/div>\n<div class=\"price\">5 \u20ac<\/div>\n<\/div>\n<div class=\"service\">\n<div class=\"icon\"><img decoding=\"async\" src=\"\/wp-content\/themes\/merlin\/img\/chaise-bebe.png\" \/><\/div>\n<div class=\"value\">Baby chair + baby bed with mattress<\/div>\n<div class=\"price\">offered on reservation<\/div>\n<\/div>\n<div class=\"service\">\n<div class=\"icon\"><img decoding=\"async\" src=\"\/wp-content\/themes\/merlin\/img\/menage.png\" \/><\/div>\n<div class=\"value\">End of stay cleaning<\/div>\n<div class=\"price\">from 50 \u20ac \u00a0studio to 150 \u20ac 7 room 14 pers<\/div>\n<\/div>\n<\/div>\n<\/div>\n<\/div>\n<\/div>\n<div class=\"service\">\n<div class=\"icon\"><\/div>\n<\/div>\n<div class=\"service\">\n<div class=\"price\"><\/div>\n<\/div>\n<\/div><\/div><\/section>\n\n<section id=\"section-605c6bbac68bf\"\" class=\"section bg-white p-t-0 p-b-0\" \/><div class=\"container full\"><div class=\"colonnes-wrap valign-middle \"><div class=\"element colonne \"><h2 class=\"element section-title justify\">Our services at the Panoramic chalet<\/h2><div class=\"element bloc-text justify \">\n\t<p>A family residence with quality services and a breathtaking view of the valley and the glaciers.<\/p>\n<p>The Chalet les Eucherts has a covered and heated swimming pool with large windows overlooking the valley. Free activities are offered throughout your stay for children and adults.<\/p>\n<\/div><h3 class=\"element section-title justify m-t-4\">Un chalet familial aux Eucherts <\/h3><div class=\"element bloc-text justify \">\n\t<p>At the foot of the slopes, opposite the shops and restaurants, your La Rosi\u00e8re chalet with swimming pool comprises 20 flats for 2 to 14 people.<\/p>\n<p>La Rosi\u00e8re is located at a high altitude with exceptional snow cover on the foothills of Mont Blanc. Very sunny, you will enjoy a beautiful view on the Haute-Tarentaise valley from your chalet les Eucherts.<\/p>\n<\/div><\/div><div class=\"element colonne p-0\"><div class=\"element images\"><div class=\"image\"><img decoding=\"async\" src=\"https:\/\/www.tyrol-panoramic.com\/wp-content\/uploads\/2021\/03\/vue-montagne-1-100x74.jpg\" data-src=\"https:\/\/www.tyrol-panoramic.com\/wp-content\/uploads\/2021\/03\/vue-montagne-1.jpg\" alt=\"vue montagne\" class=\"images_image\" \/><\/div><\/div><\/div><\/div><\/div><\/section>\n\n<section id=\"section-605c697c51448\"\" class=\"section bg-white p-t-0 p-b-0\" \/><div class=\"container full\"><div class=\"colonnes-wrap valign-middle p-0\"><div class=\"element colonne w-20 p-0\"><div class=\"element images\"><div class=\"image\"><img decoding=\"async\" src=\"https:\/\/www.tyrol-panoramic.com\/wp-content\/uploads\/2021\/03\/vue-chalet-panoramic-98x100.jpg\" data-src=\"https:\/\/www.tyrol-panoramic.com\/wp-content\/uploads\/2021\/03\/vue-chalet-panoramic-e1700209974448.jpg\" alt=\"vue chalet panoramic\" class=\"images_image\" \/><\/div><\/div><div class=\"element images\"><div class=\"image\"><img decoding=\"async\" src=\"https:\/\/www.tyrol-panoramic.com\/wp-content\/uploads\/2021\/03\/sport-tapis-1-98x100.jpg\" data-src=\"https:\/\/www.tyrol-panoramic.com\/wp-content\/uploads\/2021\/03\/sport-tapis-1.jpg\" alt=\"visite rosiere ete\" class=\"images_image\" \/><\/div><\/div><\/div><div class=\"element colonne w-60\"><h3 class=\"element section-title center m-b-4\"> Relaxation and well-being at La Rosiere<\/h3><div class=\"element bloc-text center \">\n\t<p>The balneo area is accessible from your La Rosi\u00e8re chalet in slippers, it is very bright and sunny with a beautiful view over the valley. It includes an indoor swimming pool heated to 30\u00b0C (4.5 m X 10 m), a spa, a hammam and a sauna for your well-being and relaxation.<br \/>\nFree access all day from 9 am to 8 pm, reserved for our residents.<\/p>\n<p>At Panoramic aux Eucherts, we offer a programme of free activities to make the most of your stay.<\/p>\n<ul class=\"list-center\">\n<li>In winter: aquabike, oxygenation walk, pilates, stretching, ski race&#8230;.<\/li>\n<li>In summer: aquabike, walking, yoga, visit to our mountain chalet, animal watching with binoculars&#8230;<\/li>\n<\/ul>\n<\/div><h3 class=\"element section-title center m-b-4 m-t-4\">More about the activities<\/h3><div class=\"element bloc-text center \">\n\t<p>During your stay in Savoir, take advantage of the best rates by renting your Panoramic chalet and enjoy different areas for family entertainment. Our games room and our games-library area will delight the youngest and the oldest. Then, gather around a good raclette in the common room with kitchen.<\/p>\n<p>Discover also our residence Le Panoramic, to find the ideal accommodation for your stay in Les Eucherts. If you want to come with a group, discover our chalet for 35 people and enjoy all our services at the best price.<\/p>\n<\/div><\/div><div class=\"element colonne w-20 p-0\"><div class=\"element images\"><div class=\"image\"><img decoding=\"async\" src=\"https:\/\/www.tyrol-panoramic.com\/wp-content\/uploads\/2021\/03\/salle-jeux-98x100.jpg\" data-src=\"https:\/\/www.tyrol-panoramic.com\/wp-content\/uploads\/2021\/03\/salle-jeux.jpg\" alt=\"salle jeux\" class=\"images_image\" \/><\/div><\/div><div class=\"element images\"><div class=\"image\"><img decoding=\"async\" src=\"https:\/\/www.tyrol-panoramic.com\/wp-content\/uploads\/2021\/03\/panoramic-chalet-98x100.jpg\" data-src=\"https:\/\/www.tyrol-panoramic.com\/wp-content\/uploads\/2021\/03\/panoramic-chalet.jpg\" alt=\"panoramic chalet\" class=\"images_image\" \/><\/div><\/div><\/div><\/div><\/div><\/section>\n\n<section id=\"section-605c6bbac762a\"\" class=\"section bg-white\" \/><div class=\"container full\"><div class=\"element section-title center titre-cta\">Decouvrez les residences et les tarifs<\/div><ul class=\"liste-de-page\"><li class=\"element call-to-action carre call-to-action--style-1 call-to-action--normal\"><a href=\"https:\/\/www.tyrol-panoramic.com\/en\/ski-resort-savoie\/\"  class=\"call-to-action_link\" title=\"En savoir plus sur the ski resorts\"><div class=\"call-to-action_image\"><img decoding=\"async\" src=\"https:\/\/www.tyrol-panoramic.com\/wp-content\/uploads\/2021\/03\/mont-pourri-vue-100x56.jpg\" data-src=\"https:\/\/www.tyrol-panoramic.com\/wp-content\/uploads\/2021\/03\/mont-pourri-vue.jpg\" alt=\"mont-pourri-vue\" class=\"normal\" \/><\/div><div class=\"call-to-action_contenu\"><div class=\"call-to-action_titre\">The ski resorts<\/div><\/div><\/a><\/li><li class=\"element call-to-action carre call-to-action--style-1 call-to-action--normal call-to-action--style-1 call-to-action--normal\"><a href=\"https:\/\/www.tyrol-panoramic.com\/en\/ski-resort-la-rosiere\/\"  class=\"call-to-action_link\" title=\"En savoir plus sur la rosi\u00e8re\"><div class=\"call-to-action_image\"><img decoding=\"async\" src=\"https:\/\/www.tyrol-panoramic.com\/wp-content\/uploads\/2021\/03\/ski-station-femme-100x56.jpg\" data-src=\"https:\/\/www.tyrol-panoramic.com\/wp-content\/uploads\/2021\/03\/ski-station-femme.jpg\" alt=\"ski station femme\" class=\"normal\" \/><\/div><div class=\"call-to-action_contenu\"><div class=\"call-to-action_titre\">La Rosi\u00e8re<\/div><\/div><\/a><\/li><li class=\"element call-to-action carre call-to-action--style-1 call-to-action--normal call-to-action--style-1 call-to-action--normal call-to-action--style-1 call-to-action--normal\"><a href=\"https:\/\/www.tyrol-panoramic.com\/en\/winter-activities-rosiere\/\"  class=\"call-to-action_link\" title=\"En savoir plus sur winter\"><div class=\"call-to-action_image\"><img decoding=\"async\" src=\"https:\/\/www.tyrol-panoramic.com\/wp-content\/uploads\/2021\/03\/hiver-vanoise-100x83.jpg\" data-src=\"https:\/\/www.tyrol-panoramic.com\/wp-content\/uploads\/2021\/03\/hiver-vanoise.jpg\" alt=\"location vacances vanoise\" class=\"normal\" \/><\/div><div class=\"call-to-action_contenu\"><div class=\"call-to-action_titre\">Winter<\/div><\/div><\/a><\/li><\/ul><\/div><\/section>","protected":false},"excerpt":{"rendered":"","protected":false},"author":1,"featured_media":950,"parent":0,"menu_order":0,"comment_status":"closed","ping_status":"closed","template":"","meta":{"_acf_changed":false,"footnotes":""},"class_list":["post-4292","page","type-page","status-publish","has-post-thumbnail","hentry"],"acf":[],"yoast_head":"<!-- This site is optimized with the Yoast SEO plugin v25.5 - https:\/\/yoast.com\/wordpress\/plugins\/seo\/ -->\n<title>Nos services haut de gammes \u00e0 La Rosiere | Chalet avec activit\u00e9s gratuites<\/title>\n<meta name=\"description\" content=\"Le Panoramic vous offre des activit\u00e9s gratuites : aquabike, marche d&#039;oxyg\u00e9nation, yoga, course de ski en hiver. Visite du chalet d&#039;alpage en \u00e9t\u00e9.\" \/>\n<meta name=\"robots\" content=\"index, follow, max-snippet:-1, max-image-preview:large, max-video-preview:-1\" \/>\n<link rel=\"canonical\" href=\"https:\/\/www.tyrol-panoramic.com\/en\/residence-familiale-rosiere-panoramic\/\" \/>\n<meta property=\"og:locale\" content=\"en_US\" \/>\n<meta property=\"og:type\" content=\"article\" \/>\n<meta property=\"og:title\" content=\"Nos services haut de gammes \u00e0 La Rosiere | Chalet avec activit\u00e9s gratuites\" \/>\n<meta property=\"og:description\" content=\"Le Panoramic vous offre des activit\u00e9s gratuites : aquabike, marche d&#039;oxyg\u00e9nation, yoga, course de ski en hiver. Visite du chalet d&#039;alpage en \u00e9t\u00e9.\" \/>\n<meta property=\"og:url\" content=\"https:\/\/www.tyrol-panoramic.com\/en\/residence-familiale-rosiere-panoramic\/\" \/>\n<meta property=\"og:site_name\" content=\"Tyrol Panoramic\" \/>\n<meta property=\"article:modified_time\" content=\"2024-11-22T14:55:15+00:00\" \/>\n<meta property=\"og:image\" content=\"https:\/\/www.tyrol-panoramic.com\/wp-content\/uploads\/2021\/03\/montagne-vue.jpg\" \/>\n\t<meta property=\"og:image:width\" content=\"1903\" \/>\n\t<meta property=\"og:image:height\" content=\"450\" \/>\n\t<meta property=\"og:image:type\" content=\"image\/jpeg\" \/>\n<meta name=\"twitter:card\" content=\"summary_large_image\" \/>\n<meta name=\"twitter:label1\" content=\"Est. reading time\" \/>\n\t<meta name=\"twitter:data1\" content=\"1 minute\" \/>\n<!-- \/ Yoast SEO plugin. -->","yoast_head_json":{"title":"Nos services haut de gammes \u00e0 La Rosiere | Chalet avec activit\u00e9s gratuites","description":"Le Panoramic vous offre des activit\u00e9s gratuites : aquabike, marche d'oxyg\u00e9nation, yoga, course de ski en hiver. Visite du chalet d'alpage en \u00e9t\u00e9.","robots":{"index":"index","follow":"follow","max-snippet":"max-snippet:-1","max-image-preview":"max-image-preview:large","max-video-preview":"max-video-preview:-1"},"canonical":"https:\/\/www.tyrol-panoramic.com\/en\/residence-familiale-rosiere-panoramic\/","og_locale":"en_US","og_type":"article","og_title":"Nos services haut de gammes \u00e0 La Rosiere | Chalet avec activit\u00e9s gratuites","og_description":"Le Panoramic vous offre des activit\u00e9s gratuites : aquabike, marche d'oxyg\u00e9nation, yoga, course de ski en hiver. Visite du chalet d'alpage en \u00e9t\u00e9.","og_url":"https:\/\/www.tyrol-panoramic.com\/en\/residence-familiale-rosiere-panoramic\/","og_site_name":"Tyrol Panoramic","article_modified_time":"2024-11-22T14:55:15+00:00","og_image":[{"width":1903,"height":450,"url":"https:\/\/www.tyrol-panoramic.com\/wp-content\/uploads\/2021\/03\/montagne-vue.jpg","type":"image\/jpeg"}],"twitter_card":"summary_large_image","twitter_misc":{"Est. reading time":"1 minute"},"schema":{"@context":"https:\/\/schema.org","@graph":[{"@type":"WebPage","@id":"https:\/\/www.tyrol-panoramic.com\/en\/residence-familiale-rosiere-panoramic\/","url":"https:\/\/www.tyrol-panoramic.com\/en\/residence-familiale-rosiere-panoramic\/","name":"Nos services haut de gammes \u00e0 La Rosiere | Chalet avec activit\u00e9s gratuites","isPartOf":{"@id":"https:\/\/www.tyrol-panoramic.com\/en\/#website"},"primaryImageOfPage":{"@id":"https:\/\/www.tyrol-panoramic.com\/en\/residence-familiale-rosiere-panoramic\/#primaryimage"},"image":{"@id":"https:\/\/www.tyrol-panoramic.com\/en\/residence-familiale-rosiere-panoramic\/#primaryimage"},"thumbnailUrl":"https:\/\/www.tyrol-panoramic.com\/wp-content\/uploads\/2021\/03\/montagne-vue.jpg","datePublished":"2023-02-10T15:17:59+00:00","dateModified":"2024-11-22T14:55:15+00:00","description":"Le Panoramic vous offre des activit\u00e9s gratuites : aquabike, marche d'oxyg\u00e9nation, yoga, course de ski en hiver. Visite du chalet d'alpage en \u00e9t\u00e9.","breadcrumb":{"@id":"https:\/\/www.tyrol-panoramic.com\/en\/residence-familiale-rosiere-panoramic\/#breadcrumb"},"inLanguage":"en-US","potentialAction":[{"@type":"ReadAction","target":["https:\/\/www.tyrol-panoramic.com\/en\/residence-familiale-rosiere-panoramic\/"]}]},{"@type":"ImageObject","inLanguage":"en-US","@id":"https:\/\/www.tyrol-panoramic.com\/en\/residence-familiale-rosiere-panoramic\/#primaryimage","url":"https:\/\/www.tyrol-panoramic.com\/wp-content\/uploads\/2021\/03\/montagne-vue.jpg","contentUrl":"https:\/\/www.tyrol-panoramic.com\/wp-content\/uploads\/2021\/03\/montagne-vue.jpg","width":1903,"height":450,"caption":"montagne vue"},{"@type":"BreadcrumbList","@id":"https:\/\/www.tyrol-panoramic.com\/en\/residence-familiale-rosiere-panoramic\/#breadcrumb","itemListElement":[{"@type":"ListItem","position":1,"name":"Vacation residence in Savoie","item":"https:\/\/www.tyrol-panoramic.com\/en\/"},{"@type":"ListItem","position":2,"name":"Chalet &#038; services Panoramic"}]},{"@type":"WebSite","@id":"https:\/\/www.tyrol-panoramic.com\/en\/#website","url":"https:\/\/www.tyrol-panoramic.com\/en\/","name":"Tyrol Panoramic","description":"","potentialAction":[{"@type":"SearchAction","target":{"@type":"EntryPoint","urlTemplate":"https:\/\/www.tyrol-panoramic.com\/en\/?s={search_term_string}"},"query-input":{"@type":"PropertyValueSpecification","valueRequired":true,"valueName":"search_term_string"}}],"inLanguage":"en-US"}]}},"_links":{"self":[{"href":"https:\/\/www.tyrol-panoramic.com\/en\/wp-json\/wp\/v2\/pages\/4292","targetHints":{"allow":["GET"]}}],"collection":[{"href":"https:\/\/www.tyrol-panoramic.com\/en\/wp-json\/wp\/v2\/pages"}],"about":[{"href":"https:\/\/www.tyrol-panoramic.com\/en\/wp-json\/wp\/v2\/types\/page"}],"author":[{"embeddable":true,"href":"https:\/\/www.tyrol-panoramic.com\/en\/wp-json\/wp\/v2\/users\/1"}],"replies":[{"embeddable":true,"href":"https:\/\/www.tyrol-panoramic.com\/en\/wp-json\/wp\/v2\/comments?post=4292"}],"version-history":[{"count":7,"href":"https:\/\/www.tyrol-panoramic.com\/en\/wp-json\/wp\/v2\/pages\/4292\/revisions"}],"predecessor-version":[{"id":4657,"href":"https:\/\/www.tyrol-panoramic.com\/en\/wp-json\/wp\/v2\/pages\/4292\/revisions\/4657"}],"wp:featuredmedia":[{"embeddable":true,"href":"https:\/\/www.tyrol-panoramic.com\/en\/wp-json\/wp\/v2\/media\/950"}],"wp:attachment":[{"href":"https:\/\/www.tyrol-panoramic.com\/en\/wp-json\/wp\/v2\/media?parent=4292"}],"curies":[{"name":"wp","href":"https:\/\/api.w.org\/{rel}","templated":true}]}}