{"id":3368,"date":"2021-03-25T10:39:22","date_gmt":"2021-03-25T09:39:22","guid":{"rendered":"https:\/\/www.tyrol-panoramic.com\/activites-ete-rosiere\/"},"modified":"2021-07-16T15:19:20","modified_gmt":"2021-07-16T13:19:20","slug":"summer-activities-rosiere","status":"publish","type":"page","link":"https:\/\/www.tyrol-panoramic.com\/en\/summer-activities-rosiere\/","title":{"rendered":"Activit\u00e9s : Activit\u00e9s \u00e9t\u00e9"},"content":{"rendered":"<section id=\"section-605c6bbac4ee4\"\" class=\"section bg-white\" \/><div class=\"container extralarge\"><h1 class=\"element section-title center\">Summer activities at La Rosi\u00e8re<\/h1><\/div><\/section>\n\n<section id=\"section-605c6bbac58f2\"\" class=\"section bg-white p-b-0\" \/><div class=\"container full\"><div class=\"colonnes-wrap valign-middle p-0\"><div class=\"element colonne w-20 p-0\"><div class=\"element images\"><div class=\"image\"><img decoding=\"async\" src=\"https:\/\/www.tyrol-panoramic.com\/wp-content\/uploads\/2021\/03\/activites-randonnee-rosiere-100x100.jpg\" data-src=\"https:\/\/www.tyrol-panoramic.com\/wp-content\/uploads\/2021\/03\/activites-randonnee-rosiere.jpg\" alt=\"activites randonn\u00e9e rosiere\" class=\"images_image\" \/><\/div><\/div><div class=\"element images\"><div class=\"image\"><img decoding=\"async\" src=\"https:\/\/www.tyrol-panoramic.com\/wp-content\/uploads\/2021\/03\/alpage-rosiere-100x100.jpg\" data-src=\"https:\/\/www.tyrol-panoramic.com\/wp-content\/uploads\/2021\/03\/alpage-rosiere.jpg\" alt=\"alpage rosi\u00e8re\" class=\"images_image\" \/><\/div><\/div><\/div><div class=\"element colonne w-60\"><h2 class=\"element section-title center m-b-4\">The activities we offer<\/h2><div class=\"element bloc-text center \">\n\t<ul class=\"list-center\">\n<li><strong class=\"bold color1\">Picnic<\/strong> in our alpine chalet<\/li>\n<li><strong class=\"bold color1\">Observation of chamois<\/strong>, stags and hinds<\/li>\n<li><strong class=\"bold color1\">Guided tour<\/strong> of the Petit Saint Bernard Pass<\/li>\n<li><strong class=\"bold color1\">Outing<\/strong> &#8220;How to walk in the mountains without getting out of breath&#8221;<\/li>\n<li><strong class=\"bold color1\">Aquagym\/Aquabike<\/strong><\/li>\n<li><strong class=\"bold color1\">Pilates<\/strong><\/li>\n<\/ul>\n<p>We offer you our personalized guide for your <strong class=\"bold color1\">family hikes on the French side<\/strong>, but also on the Italian side and we adapt our advice according to the composition of the family!<\/p>\n<p>For <strong class=\"bold color1\">children at La Rosi\u00e8re<\/strong>:<\/p>\n<ul class=\"list-center\">\n<li><strong class=\"bold color1\">Inflatable structure<\/strong><\/li>\n<li>Easy path between La Rosi\u00e8re and Les Eucherts to <strong class=\"bold color1\">bike<\/strong><\/li>\n<li><strong class=\"bold color1\">Arch plan with outdoor games<\/strong>: soccer field, small stream to make dams, skate park, swings, picnic tables, petanque, synthetic field for Basketball and mini soccer.<\/li>\n<li><strong class=\"bold color1\">Picnic<\/strong> near an easily accessible lake&#8230;<\/li>\n<li><strong class=\"bold color1\">4-season lake.<\/strong><\/li>\n<\/ul>\n<p>And a unique concept in <strong class=\"bold color1\">mountain in summer<\/strong>: the Children&#8217;s Club &#8220;Les Galopins&#8221; free of charge from 3 to 12 years old.<\/p>\n<p><strong class=\"bold color1\">Le Club des Galopins<\/strong>: free supervision 3 times a week and small participation for sports activities.<\/p>\n<\/div><\/div><div class=\"element colonne w-20 p-0\"><div class=\"element images\"><div class=\"image\"><img decoding=\"async\" src=\"https:\/\/www.tyrol-panoramic.com\/wp-content\/uploads\/2021\/03\/randonnee-ete-rosiere-100x100.jpg\" data-src=\"https:\/\/www.tyrol-panoramic.com\/wp-content\/uploads\/2021\/03\/randonnee-ete-rosiere.jpg\" alt=\"randonnee ete rosiere\" class=\"images_image\" \/><\/div><\/div><div class=\"element images\"><div class=\"image\"><img decoding=\"async\" src=\"https:\/\/www.tyrol-panoramic.com\/wp-content\/uploads\/2021\/03\/velo-rosiere-100x100.jpg\" data-src=\"https:\/\/www.tyrol-panoramic.com\/wp-content\/uploads\/2021\/03\/velo-rosiere.jpg\" alt=\"velo rosiere\" class=\"images_image\" \/><\/div><\/div><\/div><\/div><\/div><\/section>\n\n<section id=\"section-605c6bbac5c72\"\" class=\"section bg-white p-t-0 p-b-0\" \/><div class=\"container full\"><div class=\"element images\"><div class=\"image\"><img decoding=\"async\" src=\"https:\/\/www.tyrol-panoramic.com\/wp-content\/uploads\/2021\/03\/activite-enfant-rosiere-100x100.jpg\" data-src=\"https:\/\/www.tyrol-panoramic.com\/wp-content\/uploads\/2021\/03\/activite-enfant-rosiere.jpg\" alt=\"activite enfant rosiere\" class=\"images_image\" \/><\/div><div class=\"image\"><img decoding=\"async\" src=\"https:\/\/www.tyrol-panoramic.com\/wp-content\/uploads\/2021\/03\/activite-adulte-rosiere-100x100.jpg\" data-src=\"https:\/\/www.tyrol-panoramic.com\/wp-content\/uploads\/2021\/03\/activite-adulte-rosiere.jpg\" alt=\"activite adulte rosiere\" class=\"images_image\" \/><\/div><div class=\"image\"><img decoding=\"async\" src=\"https:\/\/www.tyrol-panoramic.com\/wp-content\/uploads\/2021\/03\/activite-famille-rosiere-100x100.jpg\" data-src=\"https:\/\/www.tyrol-panoramic.com\/wp-content\/uploads\/2021\/03\/activite-famille-rosiere.jpg\" alt=\"activite famille rosiere\" class=\"images_image\" \/><\/div><div class=\"image\"><img decoding=\"async\" src=\"https:\/\/www.tyrol-panoramic.com\/wp-content\/uploads\/2021\/03\/randonnee-famille-rosiere-100x100.jpg\" data-src=\"https:\/\/www.tyrol-panoramic.com\/wp-content\/uploads\/2021\/03\/randonnee-famille-rosiere.jpg\" alt=\"randonnee famille rosiere\" class=\"images_image\" \/><\/div><\/div><\/div><\/section>\n\n<section id=\"section-605c6bbac61f7\"\" class=\"section bg-color1 p-t-0 p-b-0\" \/><div class=\"container full\"><div class=\"colonnes-wrap valign-middle \"><div class=\"element colonne p-0\"><div class=\"element images\"><div class=\"image\"><img decoding=\"async\" src=\"https:\/\/www.tyrol-panoramic.com\/wp-content\/uploads\/2021\/03\/vtt-montagne-rosiere-100x89.jpg\" data-src=\"https:\/\/www.tyrol-panoramic.com\/wp-content\/uploads\/2021\/03\/vtt-montagne-rosiere.jpg\" alt=\"vtt montagne rosiere\" class=\"images_image\" \/><\/div><\/div><\/div><div class=\"element colonne p-x-6\"><div class=\"element bloc-text justify \">\n\t<p>In the heart of a <strong class=\"bold color5\">private wooded park<\/strong>, children will enjoy outdoor games, bike park, a slide and a trampoline. Unless they prefer to play badminton, ball, ping-pong or try archery.<\/p>\n<p><strong class=\"bold color5\">Activities accompanied<\/strong> by the Kids Club:<\/p>\n<ul class=\"list-center\">\n<li><strong class=\"bold color5\">Golf<\/strong><\/li>\n<li><strong class=\"bold color5\">Chairlift ride<\/strong> with picnic at Redoubt Fort<\/li>\n<li><strong class=\"bold color5\">Scavenger Hunt<\/strong> at the Arc Plan<\/li>\n<li><strong class=\"bold color5\">Mountain bike<\/strong> at the bike park<\/li>\n<li><strong class=\"bold color5\">Tennis<\/strong><\/li>\n<li><strong class=\"bold color5\">Archery<\/strong><\/li>\n<li><strong class=\"bold color5\">Picnics and discovery walks<\/strong>: during the week, outings are organized in the mountains to discover the fauna and flora or have a picnic with friends, go on a treasure hunt &#8230;<\/li>\n<\/ul>\n<p><strong class=\"bold color5\">Pass&#8217;ADO from 13 years old to 18 years old<\/strong> : Sports activities and atmosphere provided. Consult us to have the program.<\/p>\n<\/div><\/div><\/div><\/div><\/section>\n\n<section id=\"section-605c6bbac68bf\"\" class=\"section bg-white p-t-0 p-b-0\" \/><div class=\"container full\"><div class=\"colonnes-wrap valign-middle \"><div class=\"element colonne \"><h2 class=\"element section-title justify\">Summer sports activities at La Rosi\u00e8re<\/h2><div class=\"element bloc-text justify \">\n\t<p>The resort&#8217;s service providers offer many <strong class=\"bold color1\">sports and cultural activities<\/strong> related to the mountains in complete safety:<\/p>\n<ul>\n<li><strong class=\"bold color1\">Hiking around La Rosi\u00e8re<\/strong> with 15 marked circuits, trail\n<li><strong class=\"bold color1\">Downhill mountain biking<\/strong>, VAE, cross-country, cycle touring on the mythical passes of the Tour De France via the Col du Petit St Bernard, Col de l&#8217;Iseran above Val d&#8217;Is\u00e8re, Col de la Madeleine, Cormet de Roselend, climb of the\n<li>Arcs, climb of La Plagne, climb of Montvalezan-La Rosi\u00e8re &#8230;\n<li><strong class=\"bold color1\">Pedestrian and biker accessible lifts<\/strong>.\n<li><strong class=\"bold color1\">Equitation<\/strong>, pony rides,<\/li>\n<li><strong class=\"bold color1\">Paragliding<\/strong> over the valley with a view of Mont Blanc,<\/li>\n<li><strong class=\"bold color1\">Golf de la Rosi\u00e8re<\/strong> approved FFG 9 holes with a splendid view of the Haute Tarentaise valley,<\/li>\n<li>2 <strong class=\"bold color1\">Tennis<\/strong>,<\/li>\n<li><strong class=\"bold color1\">Archery<\/strong>,<\/li>\n<li><strong class=\"bold color1\">Water sports<\/strong> with canyoning, rafting, whitewater swimming from Bourg Saint Maurice on the Is\u00e8re.<\/li>\n<li><strong class=\"bold color1\">Fishing in mountain lakes and mountain streams<\/strong>: beautiful trout to catch!<\/li>\n<\/ul>\n<\/div><\/div><div class=\"element colonne p-0\"><div class=\"element images\"><div class=\"image\"><img decoding=\"async\" src=\"https:\/\/www.tyrol-panoramic.com\/wp-content\/uploads\/2021\/03\/golf-enfant-rosiere-100x84.jpg\" data-src=\"https:\/\/www.tyrol-panoramic.com\/wp-content\/uploads\/2021\/03\/golf-enfant-rosiere.jpg\" alt=\"golf enfant rosiere\" class=\"images_image\" \/><\/div><\/div><\/div><\/div><\/div><\/section>\n\n<section id=\"section-605c697c51448\"\" class=\"section bg-white p-t-0 p-b-0\" \/><div class=\"container full\"><div class=\"colonnes-wrap valign-middle p-0\"><div class=\"element colonne w-20 p-0\"><div class=\"element images\"><div class=\"image\"><img decoding=\"async\" src=\"https:\/\/www.tyrol-panoramic.com\/wp-content\/uploads\/2021\/03\/visite-saint-bernard-100x100.jpg\" data-src=\"https:\/\/www.tyrol-panoramic.com\/wp-content\/uploads\/2021\/03\/visite-saint-bernard.jpg\" alt=\"visite saint bernard\" class=\"images_image\" \/><\/div><\/div><div class=\"element images\"><div class=\"image\"><img decoding=\"async\" src=\"https:\/\/www.tyrol-panoramic.com\/wp-content\/uploads\/2021\/03\/visite-rosiere-ete-100x100.jpg\" data-src=\"https:\/\/www.tyrol-panoramic.com\/wp-content\/uploads\/2021\/03\/visite-rosiere-ete.jpg\" alt=\"visite rosiere ete\" class=\"images_image\" \/><\/div><\/div><\/div><div class=\"element colonne w-60\"><div class=\"element bloc-text center \">\n\t<ul class=\"list-center\">\n<li><strong class=\"bold color1\">The must<\/strong> : the Thermes de Pr\u00e9 Saint Didier at 45 min, outdoor spa at the foot of Mont Blanc, the great class ! A must try !\n<li><strong class=\"bold color1\">The 8th Wonder of the World<\/strong>: Climb in a Sky Way cabin to the top of the Helbronner peak located at 3,400 m and cross the Mont Blanc Glaciers in a cable car to admire the mountaineers climb the surrounding peaks with an arrival at the Aiguille du Midi at 3,800 m.<\/li>\n<\/ul>\n<p><strong class=\"bold color1\">Activ&#8217;\u00e9t\u00e9<\/strong> card : enjoy your vacations at La Rosi\u00e8re with unlimited activities included in your sports pass ! On sale at the OT.<\/p>\n<p><strong class=\"bold color1\">Heritage outings<\/strong> around La Rosi\u00e8re:<\/p>\n<ul class=\"list-center\">\n<li><strong class=\"bold color1\">Visit of the Col du Petit St Bernard<\/strong> to know the history of this passage from France to Italy.<\/li>\n<li><strong class=\"bold color1\">Visits to the Villages and chapels of Montvalezan<\/strong>, to learn about the traditions and life of the mountain people<\/li>\n<li><strong class=\"bold color1\">Fort de la Redoute<\/strong>: at the top of the commune with a magnificent view of the Italian side, discover the past of this fort located at 2300 m of altitude strategic during the Second World War.<\/li>\n<li><strong class=\"bold color1\">Bus trip in Val d&#8217;Aosta<\/strong> on Tuesday and in Courmayeur on Wednesday with a heritage guide<\/li>\n<li><strong class=\"bold color1\">Painting workshops with Colette<\/strong> to master painting on wood, Alpine flowers, roosters and mountain landscapes.<\/li>\n<\/ul>\n<p>For your parties:<\/p>\n<ul class=\"list-center\">\n<li><strong class=\"bold color1\">Animations<\/strong>, concerts<\/li>\n<li><strong class=\"bold color1\">Bowling<\/strong>,<\/li>\n<li><strong class=\"bold color1\">Rink<\/strong> with Hockey games every Wednesday night, atmosphere guaranteed!&#8221;<\/li>\n<\/ul>\n<p>To see the events of La Rosi\u00e8re in summer (Trail, Clarines Festival, Russian Festival, Art des cimes &#8230;). Click on the site of <a href=\"https:\/\/www.larosiere.net\/\" target=\"_blank\" rel=\"noopener\">la Rosi\u00e8re<\/a>.<\/p>\n<\/div><\/div><div class=\"element colonne w-20 p-0\"><div class=\"element images\"><div class=\"image\"><img decoding=\"async\" src=\"https:\/\/www.tyrol-panoramic.com\/wp-content\/uploads\/2021\/03\/bowling-rosiere-100x100.jpg\" data-src=\"https:\/\/www.tyrol-panoramic.com\/wp-content\/uploads\/2021\/03\/bowling-rosiere.jpg\" alt=\"bowling rosiere\" class=\"images_image\" \/><\/div><\/div><div class=\"element images\"><div class=\"image\"><img decoding=\"async\" src=\"https:\/\/www.tyrol-panoramic.com\/wp-content\/uploads\/2021\/03\/trail-ete-rosiere-98x100.jpg\" data-src=\"https:\/\/www.tyrol-panoramic.com\/wp-content\/uploads\/2021\/03\/trail-ete-rosiere.jpg\" alt=\"trail ete rosiere\" class=\"images_image\" \/><\/div><\/div><\/div><\/div><\/div><\/section>\n\n<section id=\"section-605c6bbac762a\"\" class=\"section bg-white\" \/><div class=\"container full\"><div class=\"element section-title center titre-cta\">Sightseeing and winter activities<\/div><ul class=\"liste-de-page\"><li class=\"element call-to-action carre call-to-action--style-1 call-to-action--big\"><a href=\"https:\/\/www.tyrol-panoramic.com\/en\/ski-resort-savoie\/\"  class=\"call-to-action_link\" title=\"En savoir plus sur the ski resorts\"><div class=\"call-to-action_image\"><img decoding=\"async\" src=\"https:\/\/www.tyrol-panoramic.com\/wp-content\/uploads\/2021\/03\/mont-pourri-vue-100x56.jpg\" data-src=\"https:\/\/www.tyrol-panoramic.com\/wp-content\/uploads\/2021\/03\/mont-pourri-vue.jpg\" alt=\"mont-pourri-vue\" class=\"big\" \/><\/div><div class=\"call-to-action_contenu\"><div class=\"call-to-action_titre\">The ski resorts<\/div><\/div><\/a><\/li><li class=\"element call-to-action carre call-to-action--style-1 call-to-action--big call-to-action--style-1 call-to-action--big\"><a href=\"https:\/\/www.tyrol-panoramic.com\/en\/ski-resort-la-rosiere\/\"  class=\"call-to-action_link\" title=\"En savoir plus sur la rosi\u00e8re\"><div class=\"call-to-action_image\"><img decoding=\"async\" src=\"https:\/\/www.tyrol-panoramic.com\/wp-content\/uploads\/2021\/03\/ski-station-femme-100x56.jpg\" data-src=\"https:\/\/www.tyrol-panoramic.com\/wp-content\/uploads\/2021\/03\/ski-station-femme.jpg\" alt=\"ski station femme\" class=\"big\" \/><\/div><div class=\"call-to-action_contenu\"><div class=\"call-to-action_titre\">La Rosi\u00e8re<\/div><\/div><\/a><\/li><li class=\"element call-to-action carre call-to-action--style-1 call-to-action--big call-to-action--style-1 call-to-action--big call-to-action--style-1 call-to-action--big\"><a href=\"https:\/\/www.tyrol-panoramic.com\/en\/winter-activities-rosiere\/\"  class=\"call-to-action_link\" title=\"En savoir plus sur winter\"><div class=\"call-to-action_image\"><img decoding=\"async\" src=\"https:\/\/www.tyrol-panoramic.com\/wp-content\/uploads\/2021\/03\/hiver-vanoise-100x83.jpg\" data-src=\"https:\/\/www.tyrol-panoramic.com\/wp-content\/uploads\/2021\/03\/hiver-vanoise.jpg\" alt=\"location vacances vanoise\" class=\"big\" \/><\/div><div class=\"call-to-action_contenu\"><div class=\"call-to-action_titre\">Winter<\/div><\/div><\/a><\/li><\/ul><\/div><\/section>","protected":false},"excerpt":{"rendered":"","protected":false},"author":1,"featured_media":2920,"parent":0,"menu_order":0,"comment_status":"closed","ping_status":"closed","template":"","meta":{"_acf_changed":false,"footnotes":""},"class_list":["post-3368","page","type-page","status-publish","has-post-thumbnail","hentry"],"acf":[],"yoast_head":"<!-- This site is optimized with the Yoast SEO plugin v25.5 - https:\/\/yoast.com\/wordpress\/plugins\/seo\/ -->\n<title>Summer activities for children, adults in La Rosi\u00e8re | Summer activities in Savoie (73)<\/title>\n<meta name=\"description\" content=\"Come and discover the mountain with the Gaide family with the visit of the mountain chalet, the observation of animals, the discovery of the Petit St Bernard pass.\" \/>\n<meta name=\"robots\" content=\"index, follow, max-snippet:-1, max-image-preview:large, max-video-preview:-1\" \/>\n<link rel=\"canonical\" href=\"https:\/\/www.tyrol-panoramic.com\/en\/summer-activities-rosiere\/\" \/>\n<meta property=\"og:locale\" content=\"en_US\" \/>\n<meta property=\"og:type\" content=\"article\" \/>\n<meta property=\"og:title\" content=\"Summer activities for children, adults in La Rosi\u00e8re | Summer activities in Savoie (73)\" \/>\n<meta property=\"og:description\" content=\"Come and discover the mountain with the Gaide family with the visit of the mountain chalet, the observation of animals, the discovery of the Petit St Bernard pass.\" \/>\n<meta property=\"og:url\" content=\"https:\/\/www.tyrol-panoramic.com\/en\/summer-activities-rosiere\/\" \/>\n<meta property=\"og:site_name\" content=\"Tyrol Panoramic\" \/>\n<meta property=\"article:modified_time\" content=\"2021-07-16T13:19:20+00:00\" \/>\n<meta property=\"og:image\" content=\"https:\/\/www.tyrol-panoramic.com\/wp-content\/uploads\/2021\/05\/activites-ete-rosiere.jpg\" \/>\n\t<meta property=\"og:image:width\" content=\"1903\" \/>\n\t<meta property=\"og:image:height\" content=\"500\" \/>\n\t<meta property=\"og:image:type\" content=\"image\/jpeg\" \/>\n<meta name=\"twitter:card\" content=\"summary_large_image\" \/>\n<!-- \/ Yoast SEO plugin. -->","yoast_head_json":{"title":"Summer activities for children, adults in La Rosi\u00e8re | Summer activities in Savoie (73)","description":"Come and discover the mountain with the Gaide family with the visit of the mountain chalet, the observation of animals, the discovery of the Petit St Bernard pass.","robots":{"index":"index","follow":"follow","max-snippet":"max-snippet:-1","max-image-preview":"max-image-preview:large","max-video-preview":"max-video-preview:-1"},"canonical":"https:\/\/www.tyrol-panoramic.com\/en\/summer-activities-rosiere\/","og_locale":"en_US","og_type":"article","og_title":"Summer activities for children, adults in La Rosi\u00e8re | Summer activities in Savoie (73)","og_description":"Come and discover the mountain with the Gaide family with the visit of the mountain chalet, the observation of animals, the discovery of the Petit St Bernard pass.","og_url":"https:\/\/www.tyrol-panoramic.com\/en\/summer-activities-rosiere\/","og_site_name":"Tyrol Panoramic","article_modified_time":"2021-07-16T13:19:20+00:00","og_image":[{"width":1903,"height":500,"url":"https:\/\/www.tyrol-panoramic.com\/wp-content\/uploads\/2021\/05\/activites-ete-rosiere.jpg","type":"image\/jpeg"}],"twitter_card":"summary_large_image","schema":{"@context":"https:\/\/schema.org","@graph":[{"@type":"WebPage","@id":"https:\/\/www.tyrol-panoramic.com\/en\/summer-activities-rosiere\/","url":"https:\/\/www.tyrol-panoramic.com\/en\/summer-activities-rosiere\/","name":"Summer activities for children, adults in La Rosi\u00e8re | Summer activities in Savoie (73)","isPartOf":{"@id":"https:\/\/www.tyrol-panoramic.com\/en\/#website"},"primaryImageOfPage":{"@id":"https:\/\/www.tyrol-panoramic.com\/en\/summer-activities-rosiere\/#primaryimage"},"image":{"@id":"https:\/\/www.tyrol-panoramic.com\/en\/summer-activities-rosiere\/#primaryimage"},"thumbnailUrl":"https:\/\/www.tyrol-panoramic.com\/wp-content\/uploads\/2021\/05\/activites-ete-rosiere.jpg","datePublished":"2021-03-25T09:39:22+00:00","dateModified":"2021-07-16T13:19:20+00:00","description":"Come and discover the mountain with the Gaide family with the visit of the mountain chalet, the observation of animals, the discovery of the Petit St Bernard pass.","breadcrumb":{"@id":"https:\/\/www.tyrol-panoramic.com\/en\/summer-activities-rosiere\/#breadcrumb"},"inLanguage":"en-US","potentialAction":[{"@type":"ReadAction","target":["https:\/\/www.tyrol-panoramic.com\/en\/summer-activities-rosiere\/"]}]},{"@type":"ImageObject","inLanguage":"en-US","@id":"https:\/\/www.tyrol-panoramic.com\/en\/summer-activities-rosiere\/#primaryimage","url":"https:\/\/www.tyrol-panoramic.com\/wp-content\/uploads\/2021\/05\/activites-ete-rosiere.jpg","contentUrl":"https:\/\/www.tyrol-panoramic.com\/wp-content\/uploads\/2021\/05\/activites-ete-rosiere.jpg","width":1903,"height":500,"caption":"activites ete rosiere"},{"@type":"BreadcrumbList","@id":"https:\/\/www.tyrol-panoramic.com\/en\/summer-activities-rosiere\/#breadcrumb","itemListElement":[{"@type":"ListItem","position":1,"name":"Vacation residence in Savoie","item":"https:\/\/www.tyrol-panoramic.com\/en\/"},{"@type":"ListItem","position":2,"name":"Summer activities in La Rosi\u00e8re"}]},{"@type":"WebSite","@id":"https:\/\/www.tyrol-panoramic.com\/en\/#website","url":"https:\/\/www.tyrol-panoramic.com\/en\/","name":"Tyrol Panoramic","description":"","potentialAction":[{"@type":"SearchAction","target":{"@type":"EntryPoint","urlTemplate":"https:\/\/www.tyrol-panoramic.com\/en\/?s={search_term_string}"},"query-input":{"@type":"PropertyValueSpecification","valueRequired":true,"valueName":"search_term_string"}}],"inLanguage":"en-US"}]}},"_links":{"self":[{"href":"https:\/\/www.tyrol-panoramic.com\/en\/wp-json\/wp\/v2\/pages\/3368","targetHints":{"allow":["GET"]}}],"collection":[{"href":"https:\/\/www.tyrol-panoramic.com\/en\/wp-json\/wp\/v2\/pages"}],"about":[{"href":"https:\/\/www.tyrol-panoramic.com\/en\/wp-json\/wp\/v2\/types\/page"}],"author":[{"embeddable":true,"href":"https:\/\/www.tyrol-panoramic.com\/en\/wp-json\/wp\/v2\/users\/1"}],"replies":[{"embeddable":true,"href":"https:\/\/www.tyrol-panoramic.com\/en\/wp-json\/wp\/v2\/comments?post=3368"}],"version-history":[{"count":4,"href":"https:\/\/www.tyrol-panoramic.com\/en\/wp-json\/wp\/v2\/pages\/3368\/revisions"}],"predecessor-version":[{"id":3658,"href":"https:\/\/www.tyrol-panoramic.com\/en\/wp-json\/wp\/v2\/pages\/3368\/revisions\/3658"}],"wp:featuredmedia":[{"embeddable":true,"href":"https:\/\/www.tyrol-panoramic.com\/en\/wp-json\/wp\/v2\/media\/2920"}],"wp:attachment":[{"href":"https:\/\/www.tyrol-panoramic.com\/en\/wp-json\/wp\/v2\/media?parent=3368"}],"curies":[{"name":"wp","href":"https:\/\/api.w.org\/{rel}","templated":true}]}}