{"id":3363,"date":"2021-03-25T10:39:39","date_gmt":"2021-03-25T09:39:39","guid":{"rendered":"https:\/\/www.tyrol-panoramic.com\/station-ski-savoie\/"},"modified":"2025-10-14T16:00:51","modified_gmt":"2025-10-14T14:00:51","slug":"ski-resort-savoie","status":"publish","type":"page","link":"https:\/\/www.tyrol-panoramic.com\/en\/ski-resort-savoie\/","title":{"rendered":"Alentours : Les stations alentours"},"content":{"rendered":"<section id=\"section-605c6bbac4ee4\"\" class=\"section bg-white\" \/><div class=\"container extralarge\"><h1 class=\"element section-title center\">Resorts near La Rosi\u00e8re in Savoie<\/h1><div class=\"element bloc-text justify \">\n\t<p>In the heart of the Haute Tarentaise, The <a href=\"\/en\/\">Tyrol-Panoramic<\/a> apartments in La Rosiere are surrounded by France&#8217;s top ski resorts.<\/p>\n<h2 data-start=\"169\" data-end=\"216\">Explore Nearby Ski Resorts from La Rosi\u00e8re<\/h2>\n<p data-start=\"218\" data-end=\"471\">One of the great advantages of staying in <strong data-start=\"260\" data-end=\"274\">La Rosi\u00e8re<\/strong> is its <strong data-start=\"282\" data-end=\"346\">proximity to some of the most famous ski resorts in the Alps<\/strong>. From here, you can easily enjoy <strong data-start=\"380\" data-end=\"468\">day trips to Tignes, Sainte-Foy-Tarentaise, Val d\u2019Is\u00e8re, Les Arcs, and the 3 Vall\u00e9es<\/strong>.<\/p>\n<h3 data-start=\"473\" data-end=\"508\">Easy Access to Huge Ski Areas<\/h3>\n<p data-start=\"510\" data-end=\"701\">Thanks to <strong data-start=\"520\" data-end=\"552\">excellent snow-cleared roads<\/strong> maintained daily by local teams supplying restaurants and shops, it\u2019s <strong data-start=\"623\" data-end=\"668\">simple and safe to travel between resorts<\/strong>, even in the middle of winter.<\/p>\n<p data-start=\"703\" data-end=\"878\">A brand-new <strong data-start=\"715\" data-end=\"759\">gondola from Villaroger to Les Arcs 2000<\/strong> makes exploring the massive Paradiski domain even easier. Why not experience <strong data-start=\"837\" data-end=\"875\">different ski areas in one holiday<\/strong>?<\/p>\n<h3 data-start=\"880\" data-end=\"926\">Perfect for Families and Ski Enthusiasts<\/h3>\n<ul data-start=\"928\" data-end=\"1300\">\n<li data-start=\"928\" data-end=\"1076\">\n<p data-start=\"930\" data-end=\"1076\">Staying in La Rosi\u00e8re allows you to <strong data-start=\"966\" data-end=\"1000\">enjoy affordable accommodation<\/strong> while having access to <strong data-start=\"1024\" data-end=\"1049\">world-class ski areas<\/strong> just a short drive away.<\/p>\n<\/li>\n<li data-start=\"1077\" data-end=\"1175\">\n<p data-start=\"1079\" data-end=\"1175\">Take advantage of <strong data-start=\"1097\" data-end=\"1118\">January and March<\/strong> when the slopes are quieter and the snow is excellent.<\/p>\n<\/li>\n<li data-start=\"1176\" data-end=\"1300\">\n<p data-start=\"1178\" data-end=\"1300\">Discover <strong data-start=\"1187\" data-end=\"1245\">legendary runs, off-piste routes, and World Cup pistes<\/strong>, all within easy reach from your base in La Rosi\u00e8re.<\/p>\n<\/li>\n<\/ul>\n<h3 data-start=\"1302\" data-end=\"1336\">Mix Relaxation and Adventure<\/h3>\n<p data-start=\"1338\" data-end=\"1377\">By sleeping in La Rosi\u00e8re, you enjoy:<\/p>\n<ul data-start=\"1378\" data-end=\"1640\">\n<li data-start=\"1378\" data-end=\"1450\">\n<p data-start=\"1380\" data-end=\"1450\"><strong data-start=\"1380\" data-end=\"1425\">A peaceful, sunny, family-friendly resort<\/strong> at a reasonable price.<\/p>\n<\/li>\n<li data-start=\"1451\" data-end=\"1537\">\n<p data-start=\"1453\" data-end=\"1537\"><strong data-start=\"1453\" data-end=\"1510\">Access to some of the largest ski domains in the Alps<\/strong> without changing hotels.<\/p>\n<\/li>\n<li data-start=\"1538\" data-end=\"1640\">\n<p data-start=\"1540\" data-end=\"1640\"><strong data-start=\"1540\" data-end=\"1582\">The chance to ski new slopes every day<\/strong>, from gentle family trails to challenging, iconic runs.<\/p>\n<\/li>\n<\/ul>\n<p data-start=\"1642\" data-end=\"1859\"><strong data-start=\"1642\" data-end=\"1734\">Why settle for just one station when a world of Alpine skiing is right on your doorstep?<\/strong> La Rosi\u00e8re is the perfect base to combine relaxation, local charm, and adventures across the best ski areas in the region.<\/p>\n<\/div><\/div><\/section>\n\n<section id=\"section-605c6bbac58f2\"\" class=\"section bg-white p-b-0\" \/><div class=\"container full\"><div class=\"colonnes-wrap valign-middle p-0\"><div class=\"element colonne w-20 p-0\"><div class=\"element images\"><div class=\"image\"><img decoding=\"async\" src=\"https:\/\/www.tyrol-panoramic.com\/wp-content\/uploads\/2021\/03\/ski-pistes-1-98x100.jpg\" data-src=\"https:\/\/www.tyrol-panoramic.com\/wp-content\/uploads\/2021\/03\/ski-pistes-1.jpg\" alt=\"ski pistes\" class=\"images_image\" \/><\/div><\/div><div class=\"element images\"><div class=\"image\"><img decoding=\"async\" src=\"https:\/\/www.tyrol-panoramic.com\/wp-content\/uploads\/2021\/03\/les-arcs-vue-98x100.jpg\" data-src=\"https:\/\/www.tyrol-panoramic.com\/wp-content\/uploads\/2021\/03\/les-arcs-vue.jpg\" alt=\"les arcs vue\" class=\"images_image\" \/><\/div><\/div><\/div><div class=\"element colonne w-60\"><h2 class=\"element section-title center m-b-4\">Ski resort of Val d&#8217;Is\u00e8re<\/h2><div class=\"element bloc-text center \">\n\t<p>The <strong class=\"bold color1\">architecture of Val d&#8217;Is\u00e8re<\/strong> with its white stone and slate roofs has an unmatched cachet. Wander through its narrow streets and enjoy shopping in the beautiful <strong class=\"bold color1\">mountain shops<\/strong> and then <strong class=\"bold color1\">taste a pastry<\/strong> at <a href=\"http:\/\/www.maisonchevallot.com\/\"target=\"_blank\" rel=\"noopener\"\">Chevallot<\/a> (meilleur ouvrier de France), a real delight! <\/p>\n<p>The ski area with its <strong class=\"bold color1\">330 km of slopes<\/strong> and its <strong class=\"bold color1\">incredible off-piste itineraries<\/strong> is a treat, our grandfather Esther Gaidet was a ski instructor in 1954 in Val d&#8217;Is\u00e8re, he used to spend the winter up there and come back to la Rosi\u00e8re in the beautiful spring days. Roger and Gis\u00e8le also worked in Val d&#8217;Is\u00e8re before opening their first hotel in La Rosi\u00e8re.<br \/>\nWe have a special attachment up there, we love to go skiing in early May to visit our friends. <\/p>\n<\/div><h2 class=\"element section-title center m-b-4 m-t-4\">Ski resort of Tignes<\/h2><div class=\"element bloc-text center \">\n\t<p>A station that has undergone multiple twists and turns with the <strong class=\"bold color1\">arrival of the dam in 1952<\/strong>, the <strong class=\"bold color1\">500 Tignards<\/strong> had to leave their homes engulfed by the waters. With a wall <strong class=\"bold color1\">180 m high and 300 m long<\/strong>, this dam was a real upheaval for its inhabitants.  <\/p>\n<p>Tenacious and ambitious, they rebuilt their homes higher up and became hoteliers, ski instructors, ski patrollers, bar and restaurant owners, all players in the <strong class=\"bold color1\">creation of the resort of Tignes<\/strong>. <\/p>\n<p>Now renowned for its envious youth of <strong class=\"bold color1\">strong sensations<\/strong>, summer and winter it offers <strong class=\"bold color1\">outstanding activities<\/strong>: diving under the lake in winter, water jumping in summer, skiing on the glacier almost all year round, an aqualudic space the Lagoon opening onto the lake and hiking in the Vanoise National Park. We particularly like the <strong class=\"bold color1\">plateau de la Grande Sassi\u00e8re<\/strong> to see hundreds of marmots, chamois, ibex and this <strong class=\"bold color1\">magnificent lake of Sassi\u00e8re<\/strong> surrounded by the <strong class=\"bold color1\">Glacier de la Tsanteleina<\/strong>. <\/p>\n<p>We recommend a short stop at the restaurant &#8220;<a href=\"http:\/\/www.ferme3capucines.com\/\"target=\"_blank\" rel=\"noopener\"\">La ferme des 3 Capucines<\/a>&#8220;, where you can taste and buy Amandine&#8217;s <strong class=\"bold color1\">Alpine Beaufort<\/strong> directly! <\/p>\n<\/div><\/div><div class=\"element colonne w-20 p-0\"><div class=\"element images\"><div class=\"image\"><img decoding=\"async\" src=\"https:\/\/www.tyrol-panoramic.com\/wp-content\/uploads\/2021\/03\/les-ars-1-98x100.jpg\" data-src=\"https:\/\/www.tyrol-panoramic.com\/wp-content\/uploads\/2021\/03\/les-ars-1.jpg\" alt=\"les ars\" class=\"images_image\" \/><\/div><\/div><div class=\"element images\"><div class=\"image\"><img decoding=\"async\" src=\"https:\/\/www.tyrol-panoramic.com\/wp-content\/uploads\/2021\/03\/bobsleigh-ski-98x100.jpg\" data-src=\"https:\/\/www.tyrol-panoramic.com\/wp-content\/uploads\/2021\/03\/bobsleigh-ski.jpg\" alt=\"bobsleigh ski\" class=\"images_image\" \/><\/div><\/div><\/div><\/div><\/div><\/section>\n\n<section id=\"section-groupe6\"\" class=\"section bg-white p-t-0 p-b-0\" \/><div class=\"container full\"><div class=\"element images\"><div class=\"image\"><img decoding=\"async\" src=\"https:\/\/www.tyrol-panoramic.com\/wp-content\/uploads\/2021\/03\/ski-savoie-100x100.jpg\" data-src=\"https:\/\/www.tyrol-panoramic.com\/wp-content\/uploads\/2021\/03\/ski-savoie.jpg\" alt=\"ski savoie\" class=\"images_image\" \/><\/div><div class=\"image\"><img decoding=\"async\" src=\"https:\/\/www.tyrol-panoramic.com\/wp-content\/uploads\/2021\/03\/la-plagne-ski-98x100.jpg\" data-src=\"https:\/\/www.tyrol-panoramic.com\/wp-content\/uploads\/2021\/03\/la-plagne-ski.jpg\" alt=\"la plagne ski\" class=\"images_image\" \/><\/div><div class=\"image\"><img decoding=\"async\" src=\"https:\/\/www.tyrol-panoramic.com\/wp-content\/uploads\/2021\/03\/ski-enfant-98x100.jpg\" data-src=\"https:\/\/www.tyrol-panoramic.com\/wp-content\/uploads\/2021\/03\/ski-enfant.jpg\" alt=\"ski enfant\" class=\"images_image\" \/><\/div><div class=\"image\"><img decoding=\"async\" src=\"https:\/\/www.tyrol-panoramic.com\/wp-content\/uploads\/2021\/03\/ski-neige-3-98x100.jpg\" data-src=\"https:\/\/www.tyrol-panoramic.com\/wp-content\/uploads\/2021\/03\/ski-neige-3.jpg\" alt=\"station ski\" class=\"images_image\" \/><\/div><\/div><\/div><\/section>\n\n<section id=\"section-605c6bbac61f7\"\" class=\"section bg-color1 p-t-0 p-b-0\" \/><div class=\"container full\"><div class=\"colonnes-wrap valign-middle \"><div class=\"element colonne p-0\"><div class=\"element images\"><div class=\"image\"><img decoding=\"async\" src=\"https:\/\/www.tyrol-panoramic.com\/wp-content\/uploads\/2021\/03\/aiguille-rouge-les-arcs-100x74.jpg\" data-src=\"https:\/\/www.tyrol-panoramic.com\/wp-content\/uploads\/2021\/03\/aiguille-rouge-les-arcs.jpg\" alt=\"aiguille rouge les arcs\" class=\"images_image\" \/><\/div><\/div><\/div><div class=\"element colonne p-x-6\"><h2 class=\"element section-title justify white\">Les Arcs: 4 resorts in one! <\/h2><div class=\"element bloc-text justify \">\n\t<p><strong class=\"bold color5\">Les Arcs<\/strong> have a very particular <strong class=\"bold color5\">architecture<\/strong>, Charlotte P\u00e9rriand true mountain girl at heart will imagine the <strong class=\"bold color5\">integrated ski resort<\/strong> between 1967 and 1989 with the developer Roger Godino. Buildings combed through the slope to leave an open view from every floor. &#8220;As always, I advocated integration: architecture-equipment-environment, highlighting an interior volumetry made of harmony, in relation to the mountain landscape, always present, superb.&#8221;<br \/>\nIt is to be seen! <\/p>\n<p>The last of the 4 resorts is <strong class=\"bold color5\">les Arcs 1950<\/strong> created in 2003, a <strong class=\"bold color5\">new concept<\/strong> resembling the Mont-Tremblant resort in Canada, it was thought and realized in 1 time, everything is orchestrated so that each building has a function for the good progress of a stay.  <\/p>\n<p>We enjoy riding down the <strong class=\"bold color5\">mythical trail<\/strong> from the Aiguille Rouge, 3226 m of altitude to the village of Villaroger, 1200 m of altitude, a 7 km descent for 2000 meters of negative vertical drop! Contemplate the<strong class=\"bold color5\">exceptional panorama<\/strong> of the French Alps, Mont Blanc, the 4000 m of Switzerland and Italy and admire La Rosi\u00e8re seen from the front!  <\/p>\n<\/div><\/div><\/div><\/div><\/section>\n\n<section id=\"section-605c6bbac68bf\"\" class=\"section bg-white p-t-0 p-b-0\" \/><div class=\"container full\"><div class=\"colonnes-wrap valign-middle \"><div class=\"element colonne \"><h2 class=\"element section-title justify\">Skiing in La Plagne <\/h2><div class=\"element bloc-text justify \">\n\t<p>Created in 1961 as La Rosi\u00e8re now has <strong class=\"bold color1\">11 resorts<\/strong> with over 50,000 beds, it is the largest French ski resort. <\/p>\n<p>The <strong class=\"bold color1\">Paradiski ski area<\/strong> (Les Arcs and La Plagne) with 425 km of ski runs makes it the <strong class=\"bold color1\">2nd largest ski area in the world<\/strong>. Wow! <\/p>\n<p>We recommend an activity you won&#8217;t find anywhere else: a <strong class=\"bold color1\">bobsledding<\/strong> down the mythical 1992 Olympic track. <\/p>\n<\/div><\/div><div class=\"element colonne p-0\"><div class=\"element images\"><div class=\"image\"><img decoding=\"async\" src=\"https:\/\/www.tyrol-panoramic.com\/wp-content\/uploads\/2021\/03\/teleski-hiver-100x74.jpg\" data-src=\"https:\/\/www.tyrol-panoramic.com\/wp-content\/uploads\/2021\/03\/teleski-hiver.jpg\" alt=\"teleski hiver\" class=\"images_image\" \/><\/div><\/div><\/div><\/div><\/div><\/section>\n\n<section id=\"section-605c6bbac762a\"\" class=\"section bg-white\" \/><div class=\"container full\"><div class=\"element section-title center titre-cta\">Discover the Rosiere and the Aosta Valley<\/div><ul class=\"liste-de-page\"><li class=\"element call-to-action carre call-to-action--style-1 call-to-action--normal\"><a href=\"https:\/\/www.tyrol-panoramic.com\/en\/vanoise-national-park\/\"  class=\"call-to-action_link\" title=\"En savoir plus sur the vanoise national park\"><div class=\"call-to-action_image\"><img decoding=\"async\" src=\"https:\/\/www.tyrol-panoramic.com\/wp-content\/uploads\/2021\/04\/parc-national-vanoise-100x56.jpg\" data-src=\"https:\/\/www.tyrol-panoramic.com\/wp-content\/uploads\/2021\/04\/parc-national-vanoise.jpg\" alt=\"parc-national-vanoise\" class=\"normal\" \/><\/div><div class=\"call-to-action_contenu\"><div class=\"call-to-action_titre\">The Vanoise National Park<\/div><\/div><\/a><\/li><li class=\"element call-to-action carre call-to-action--style-1 call-to-action--normal call-to-action--style-1 call-to-action--normal\"><a href=\"https:\/\/www.tyrol-panoramic.com\/en\/aosta-valley\/\"  class=\"call-to-action_link\" title=\"En savoir plus sur aosta valley\"><div class=\"call-to-action_image\"><img decoding=\"async\" src=\"https:\/\/www.tyrol-panoramic.com\/wp-content\/uploads\/2021\/03\/vallee-aoste-ane-100x56.jpg\" data-src=\"https:\/\/www.tyrol-panoramic.com\/wp-content\/uploads\/2021\/03\/vallee-aoste-ane.jpg\" alt=\"vallee aoste ane\" class=\"normal\" \/><\/div><div class=\"call-to-action_contenu\"><div class=\"call-to-action_titre\">Aosta Valley<\/div><\/div><\/a><\/li><li class=\"element call-to-action carre call-to-action--style-1 call-to-action--normal call-to-action--style-1 call-to-action--normal call-to-action--style-1 call-to-action--normal\"><a href=\"https:\/\/www.tyrol-panoramic.com\/en\/ski-resort-la-rosiere\/\"  class=\"call-to-action_link\" title=\"En savoir plus sur la rosi\u00e8re\"><div class=\"call-to-action_image\"><img decoding=\"async\" src=\"https:\/\/www.tyrol-panoramic.com\/wp-content\/uploads\/2021\/03\/ski-station-femme-100x56.jpg\" data-src=\"https:\/\/www.tyrol-panoramic.com\/wp-content\/uploads\/2021\/03\/ski-station-femme.jpg\" alt=\"ski station femme\" class=\"normal\" \/><\/div><div class=\"call-to-action_contenu\"><div class=\"call-to-action_titre\">La Rosi\u00e8re<\/div><\/div><\/a><\/li><\/ul><\/div><\/section>","protected":false},"excerpt":{"rendered":"","protected":false},"author":1,"featured_media":1768,"parent":0,"menu_order":0,"comment_status":"closed","ping_status":"closed","template":"","meta":{"_acf_changed":false,"footnotes":""},"class_list":["post-3363","page","type-page","status-publish","has-post-thumbnail","hentry"],"acf":[],"yoast_head":"<!-- This site is optimized with the Yoast SEO plugin v25.5 - https:\/\/yoast.com\/wordpress\/plugins\/seo\/ -->\n<title>Ski resorts in Savoie | Skiing in Savoie near La Rosi\u00e8re (73)<\/title>\n<meta name=\"robots\" content=\"index, follow, max-snippet:-1, max-image-preview:large, max-video-preview:-1\" \/>\n<link rel=\"canonical\" href=\"https:\/\/www.tyrol-panoramic.com\/en\/ski-resort-savoie\/\" \/>\n<meta property=\"og:locale\" content=\"en_US\" \/>\n<meta property=\"og:type\" content=\"article\" \/>\n<meta property=\"og:title\" content=\"Ski resorts in Savoie | Skiing in Savoie near La Rosi\u00e8re (73)\" \/>\n<meta property=\"og:url\" content=\"https:\/\/www.tyrol-panoramic.com\/en\/ski-resort-savoie\/\" \/>\n<meta property=\"og:site_name\" content=\"Tyrol Panoramic\" \/>\n<meta property=\"article:modified_time\" content=\"2025-10-14T14:00:51+00:00\" \/>\n<meta property=\"og:image\" content=\"https:\/\/www.tyrol-panoramic.com\/wp-content\/uploads\/2021\/03\/mont-pourri.jpg\" \/>\n\t<meta property=\"og:image:width\" content=\"1903\" \/>\n\t<meta property=\"og:image:height\" content=\"450\" \/>\n\t<meta property=\"og:image:type\" content=\"image\/jpeg\" \/>\n<meta name=\"twitter:card\" content=\"summary_large_image\" \/>\n<meta name=\"twitter:label1\" content=\"Est. reading time\" \/>\n\t<meta name=\"twitter:data1\" content=\"1 minute\" \/>\n<!-- \/ Yoast SEO plugin. -->","yoast_head_json":{"title":"Ski resorts in Savoie | Skiing in Savoie near La Rosi\u00e8re (73)","robots":{"index":"index","follow":"follow","max-snippet":"max-snippet:-1","max-image-preview":"max-image-preview:large","max-video-preview":"max-video-preview:-1"},"canonical":"https:\/\/www.tyrol-panoramic.com\/en\/ski-resort-savoie\/","og_locale":"en_US","og_type":"article","og_title":"Ski resorts in Savoie | Skiing in Savoie near La Rosi\u00e8re (73)","og_url":"https:\/\/www.tyrol-panoramic.com\/en\/ski-resort-savoie\/","og_site_name":"Tyrol Panoramic","article_modified_time":"2025-10-14T14:00:51+00:00","og_image":[{"width":1903,"height":450,"url":"https:\/\/www.tyrol-panoramic.com\/wp-content\/uploads\/2021\/03\/mont-pourri.jpg","type":"image\/jpeg"}],"twitter_card":"summary_large_image","twitter_misc":{"Est. reading time":"1 minute"},"schema":{"@context":"https:\/\/schema.org","@graph":[{"@type":"WebPage","@id":"https:\/\/www.tyrol-panoramic.com\/en\/ski-resort-savoie\/","url":"https:\/\/www.tyrol-panoramic.com\/en\/ski-resort-savoie\/","name":"Ski resorts in Savoie | Skiing in Savoie near La Rosi\u00e8re (73)","isPartOf":{"@id":"https:\/\/www.tyrol-panoramic.com\/en\/#website"},"primaryImageOfPage":{"@id":"https:\/\/www.tyrol-panoramic.com\/en\/ski-resort-savoie\/#primaryimage"},"image":{"@id":"https:\/\/www.tyrol-panoramic.com\/en\/ski-resort-savoie\/#primaryimage"},"thumbnailUrl":"https:\/\/www.tyrol-panoramic.com\/wp-content\/uploads\/2021\/03\/mont-pourri.jpg","datePublished":"2021-03-25T09:39:39+00:00","dateModified":"2025-10-14T14:00:51+00:00","breadcrumb":{"@id":"https:\/\/www.tyrol-panoramic.com\/en\/ski-resort-savoie\/#breadcrumb"},"inLanguage":"en-US","potentialAction":[{"@type":"ReadAction","target":["https:\/\/www.tyrol-panoramic.com\/en\/ski-resort-savoie\/"]}]},{"@type":"ImageObject","inLanguage":"en-US","@id":"https:\/\/www.tyrol-panoramic.com\/en\/ski-resort-savoie\/#primaryimage","url":"https:\/\/www.tyrol-panoramic.com\/wp-content\/uploads\/2021\/03\/mont-pourri.jpg","contentUrl":"https:\/\/www.tyrol-panoramic.com\/wp-content\/uploads\/2021\/03\/mont-pourri.jpg","width":1903,"height":450,"caption":"Looking south at the Mont Pourri (3779m) from the Aiguille Rouge platform of Arc 2000 ski resort, at winter season, in Savoie department, France."},{"@type":"BreadcrumbList","@id":"https:\/\/www.tyrol-panoramic.com\/en\/ski-resort-savoie\/#breadcrumb","itemListElement":[{"@type":"ListItem","position":1,"name":"Vacation residence in Savoie","item":"https:\/\/www.tyrol-panoramic.com\/en\/"},{"@type":"ListItem","position":2,"name":"Skiing in Savoie"}]},{"@type":"WebSite","@id":"https:\/\/www.tyrol-panoramic.com\/en\/#website","url":"https:\/\/www.tyrol-panoramic.com\/en\/","name":"Tyrol Panoramic","description":"","potentialAction":[{"@type":"SearchAction","target":{"@type":"EntryPoint","urlTemplate":"https:\/\/www.tyrol-panoramic.com\/en\/?s={search_term_string}"},"query-input":{"@type":"PropertyValueSpecification","valueRequired":true,"valueName":"search_term_string"}}],"inLanguage":"en-US"}]}},"_links":{"self":[{"href":"https:\/\/www.tyrol-panoramic.com\/en\/wp-json\/wp\/v2\/pages\/3363","targetHints":{"allow":["GET"]}}],"collection":[{"href":"https:\/\/www.tyrol-panoramic.com\/en\/wp-json\/wp\/v2\/pages"}],"about":[{"href":"https:\/\/www.tyrol-panoramic.com\/en\/wp-json\/wp\/v2\/types\/page"}],"author":[{"embeddable":true,"href":"https:\/\/www.tyrol-panoramic.com\/en\/wp-json\/wp\/v2\/users\/1"}],"replies":[{"embeddable":true,"href":"https:\/\/www.tyrol-panoramic.com\/en\/wp-json\/wp\/v2\/comments?post=3363"}],"version-history":[{"count":3,"href":"https:\/\/www.tyrol-panoramic.com\/en\/wp-json\/wp\/v2\/pages\/3363\/revisions"}],"predecessor-version":[{"id":5376,"href":"https:\/\/www.tyrol-panoramic.com\/en\/wp-json\/wp\/v2\/pages\/3363\/revisions\/5376"}],"wp:featuredmedia":[{"embeddable":true,"href":"https:\/\/www.tyrol-panoramic.com\/en\/wp-json\/wp\/v2\/media\/1768"}],"wp:attachment":[{"href":"https:\/\/www.tyrol-panoramic.com\/en\/wp-json\/wp\/v2\/media?parent=3363"}],"curies":[{"name":"wp","href":"https:\/\/api.w.org\/{rel}","templated":true}]}}